{"id":999,"date":"2026-02-18T01:22:36","date_gmt":"2026-02-18T01:22:36","guid":{"rendered":"https:\/\/distribucionesdeoccidente.com.mx\/?post_type=product&#038;p=999"},"modified":"2026-04-14T03:14:26","modified_gmt":"2026-04-14T03:14:26","slug":"lumina-white-de-stella-dustin-eau-de-parfum-100-ml","status":"publish","type":"product","link":"https:\/\/distribucionesdeoccidente.com.mx\/index.php\/product\/lumina-white-de-stella-dustin-eau-de-parfum-100-ml\/","title":{"rendered":"Lumina White de Stella Dustin \u2013 Eau de Parfum 100 ml"},"content":{"rendered":"<p data-start=\"61\" data-end=\"487\">Una fragancia femenina fresca, luminosa y delicada que combina pureza y elegancia en una firma arom\u00e1tica suave y encantadora. <em data-start=\"187\" data-end=\"201\">Lumina White<\/em> abre con notas c\u00edtricas y florales ligeras que aportan una sensaci\u00f3n de luminosidad y energ\u00eda desde el primer instante, evolucionando hacia un coraz\u00f3n floral suave que aporta feminidad y gracia. Su base almizclada y amaderada deja una estela refinada, limpia y muy agradable al olfato.<\/p>\n<p data-start=\"489\" data-end=\"694\">Perfecta para uso diario, salidas casuales o momentos especiales donde quieres proyectar frescura y estilo, esta fragancia est\u00e1 dise\u00f1ada para mujeres que buscan un aroma <strong data-start=\"659\" data-end=\"693\">suave, elegante y muy vers\u00e1til<\/strong>.<\/p>\n<p data-start=\"696\" data-end=\"807\"><strong data-start=\"696\" data-end=\"717\">Familia olfativa:<\/strong> Floral fresca<br data-start=\"731\" data-end=\"734\" \/><strong data-start=\"734\" data-end=\"751\">Presentaci\u00f3n:<\/strong> 100 ml<br data-start=\"758\" data-end=\"761\" \/><strong data-start=\"761\" data-end=\"770\">Tipo:<\/strong> Eau de Parfum<br data-start=\"784\" data-end=\"787\" \/><strong data-start=\"787\" data-end=\"799\">P\u00fablico:<\/strong> Mujer<\/p>\n<p data-start=\"809\" data-end=\"990\">Inspirado en el estilo fresco y encantador de <strong data-start=\"855\" data-end=\"869\">Light Blue<\/strong> de Dolce &amp; Gabbana, ofreciendo una experiencia floral fresca, delicada y luminosa con excelente relaci\u00f3n calidad\u2013precio.<\/p>\n","protected":false},"excerpt":{"rendered":"<p>Una fragancia femenina fresca, luminosa y delicada que combina pureza y elegancia en una firma arom\u00e1tica suave y encantadora. Lumina White abre con notas c\u00edtricas y florales ligeras que aportan una sensaci\u00f3n de luminosidad y energ\u00eda desde el primer instante, evolucionando hacia un coraz\u00f3n floral suave que aporta feminidad y gracia. Su base almizclada y [&hellip;]<\/p>\n","protected":false},"featured_media":1572,"comment_status":"open","ping_status":"closed","template":"","meta":[],"product_brand":[],"product_cat":[50,31,49,35],"product_tag":[],"class_list":{"0":"post-999","1":"product","2":"type-product","3":"status-publish","4":"has-post-thumbnail","6":"product_cat-destacados","7":"product_cat-mujer","8":"product_cat-perfumes-arabes","9":"product_cat-stella-dustin","11":"first","12":"instock","13":"shipping-taxable","14":"purchasable","15":"product-type-simple"},"_links":{"self":[{"href":"https:\/\/distribucionesdeoccidente.com.mx\/index.php\/wp-json\/wp\/v2\/product\/999","targetHints":{"allow":["GET"]}}],"collection":[{"href":"https:\/\/distribucionesdeoccidente.com.mx\/index.php\/wp-json\/wp\/v2\/product"}],"about":[{"href":"https:\/\/distribucionesdeoccidente.com.mx\/index.php\/wp-json\/wp\/v2\/types\/product"}],"replies":[{"embeddable":true,"href":"https:\/\/distribucionesdeoccidente.com.mx\/index.php\/wp-json\/wp\/v2\/comments?post=999"}],"wp:featuredmedia":[{"embeddable":true,"href":"https:\/\/distribucionesdeoccidente.com.mx\/index.php\/wp-json\/wp\/v2\/media\/1572"}],"wp:attachment":[{"href":"https:\/\/distribucionesdeoccidente.com.mx\/index.php\/wp-json\/wp\/v2\/media?parent=999"}],"wp:term":[{"taxonomy":"product_brand","embeddable":true,"href":"https:\/\/distribucionesdeoccidente.com.mx\/index.php\/wp-json\/wp\/v2\/product_brand?post=999"},{"taxonomy":"product_cat","embeddable":true,"href":"https:\/\/distribucionesdeoccidente.com.mx\/index.php\/wp-json\/wp\/v2\/product_cat?post=999"},{"taxonomy":"product_tag","embeddable":true,"href":"https:\/\/distribucionesdeoccidente.com.mx\/index.php\/wp-json\/wp\/v2\/product_tag?post=999"}],"curies":[{"name":"wp","href":"https:\/\/api.w.org\/{rel}","templated":true}]}}