{"id":983,"date":"2026-02-18T00:54:32","date_gmt":"2026-02-18T00:54:32","guid":{"rendered":"https:\/\/distribucionesdeoccidente.com.mx\/?post_type=product&#038;p=983"},"modified":"2026-04-14T02:27:46","modified_gmt":"2026-04-14T02:27:46","slug":"brussels-la-riviera-de-irish-collection-eau-de-parfum-100-ml","status":"publish","type":"product","link":"https:\/\/distribucionesdeoccidente.com.mx\/index.php\/product\/brussels-la-riviera-de-irish-collection-eau-de-parfum-100-ml\/","title":{"rendered":"Brussels La Riviera de Irish Collection \u2013 Eau de Parfum 100 ml"},"content":{"rendered":"<p data-start=\"89\" data-end=\"671\">Una fragancia unisex fresca, elegante y sofisticada que combina energ\u00eda c\u00edtrica con profundidad arom\u00e1tica para una firma olfativa vers\u00e1til y memorable. <em data-start=\"241\" data-end=\"262\">Brussels La Riviera<\/em> abre con notas brillantes de azafr\u00e1n, jazm\u00edn y c\u00edtricos que aportan luminosidad y vitalidad desde el primer instante, evolucionando hacia un coraz\u00f3n floral de flor de azahar enriquecido con matices de amberwood y \u00e1mbar gris que aportan sofisticaci\u00f3n y equilibrio. Su fondo c\u00e1lido de haba tonka, resina de abeto y cedro deja una estela elegante, amaderada y muy duradera.<\/p>\n<p data-start=\"673\" data-end=\"864\">Perfecta para uso diario, oficina o eventos casuales, esta fragancia est\u00e1 dise\u00f1ada para hombres y mujeres que desean un aroma <strong data-start=\"799\" data-end=\"863\">equilibrado, elegante y con presencia sutil pero inolvidable<\/strong>.<\/p>\n<p data-start=\"866\" data-end=\"991\"><strong data-start=\"866\" data-end=\"887\">Familia olfativa:<\/strong> Arom\u00e1tica floral amaderada<br data-start=\"914\" data-end=\"917\" \/><strong data-start=\"917\" data-end=\"934\">Presentaci\u00f3n:<\/strong> 100 ml<br data-start=\"941\" data-end=\"944\" \/><strong data-start=\"944\" data-end=\"953\">Tipo:<\/strong> Eau de Parfum<br data-start=\"967\" data-end=\"970\" \/><strong data-start=\"970\" data-end=\"982\">P\u00fablico:<\/strong> Unisex<\/p>\n<p data-start=\"993\" data-end=\"1160\">Inspirado en el estilo sofisticado y vers\u00e1til de <strong data-start=\"1042\" data-end=\"1058\">Chlo\u00e9 Nomade<\/strong> de Chlo\u00e9, ofreciendo una experiencia fresca, floral y refinada con excelente relaci\u00f3n calidad\u2013precio.<\/p>\n","protected":false},"excerpt":{"rendered":"<p>Una fragancia unisex fresca, elegante y sofisticada que combina energ\u00eda c\u00edtrica con profundidad arom\u00e1tica para una firma olfativa vers\u00e1til y memorable. Brussels La Riviera abre con notas brillantes de azafr\u00e1n, jazm\u00edn y c\u00edtricos que aportan luminosidad y vitalidad desde el primer instante, evolucionando hacia un coraz\u00f3n floral de flor de azahar enriquecido con matices de [&hellip;]<\/p>\n","protected":false},"featured_media":984,"comment_status":"open","ping_status":"closed","template":"","meta":[],"product_brand":[],"product_cat":[40,15,31,49,41],"product_tag":[],"class_list":{"0":"post-983","1":"product","2":"type-product","3":"status-publish","4":"has-post-thumbnail","6":"product_cat-amaran","7":"product_cat-uncategorized","8":"product_cat-mujer","9":"product_cat-perfumes-arabes","10":"product_cat-unisex","12":"first","13":"instock","14":"shipping-taxable","15":"purchasable","16":"product-type-simple"},"_links":{"self":[{"href":"https:\/\/distribucionesdeoccidente.com.mx\/index.php\/wp-json\/wp\/v2\/product\/983","targetHints":{"allow":["GET"]}}],"collection":[{"href":"https:\/\/distribucionesdeoccidente.com.mx\/index.php\/wp-json\/wp\/v2\/product"}],"about":[{"href":"https:\/\/distribucionesdeoccidente.com.mx\/index.php\/wp-json\/wp\/v2\/types\/product"}],"replies":[{"embeddable":true,"href":"https:\/\/distribucionesdeoccidente.com.mx\/index.php\/wp-json\/wp\/v2\/comments?post=983"}],"wp:featuredmedia":[{"embeddable":true,"href":"https:\/\/distribucionesdeoccidente.com.mx\/index.php\/wp-json\/wp\/v2\/media\/984"}],"wp:attachment":[{"href":"https:\/\/distribucionesdeoccidente.com.mx\/index.php\/wp-json\/wp\/v2\/media?parent=983"}],"wp:term":[{"taxonomy":"product_brand","embeddable":true,"href":"https:\/\/distribucionesdeoccidente.com.mx\/index.php\/wp-json\/wp\/v2\/product_brand?post=983"},{"taxonomy":"product_cat","embeddable":true,"href":"https:\/\/distribucionesdeoccidente.com.mx\/index.php\/wp-json\/wp\/v2\/product_cat?post=983"},{"taxonomy":"product_tag","embeddable":true,"href":"https:\/\/distribucionesdeoccidente.com.mx\/index.php\/wp-json\/wp\/v2\/product_tag?post=983"}],"curies":[{"name":"wp","href":"https:\/\/api.w.org\/{rel}","templated":true}]}}