{"id":831,"date":"2026-02-12T00:51:43","date_gmt":"2026-02-12T00:51:43","guid":{"rendered":"https:\/\/distribucionesdeoccidente.com.mx\/?post_type=product&#038;p=831"},"modified":"2026-04-14T02:33:46","modified_gmt":"2026-04-14T02:33:46","slug":"nusuk-sab-ha-wa-oud-eau-de-parfum-100-ml","status":"publish","type":"product","link":"https:\/\/distribucionesdeoccidente.com.mx\/index.php\/product\/nusuk-sab-ha-wa-oud-eau-de-parfum-100-ml\/","title":{"rendered":"Sab-Ha-Wa-Oud de Nusuk \u2013 Eau de Parfum 100 ml"},"content":{"rendered":"<p data-start=\"51\" data-end=\"461\">Una fragancia masculina profunda, c\u00e1lida y poderosa que combina la riqueza del oud con matices resinosos y ahumados que envuelven los sentidos desde el primer instante. Sab-Ha-Wa-Oud abre con notas intensas y ligeramente especiadas que transmiten car\u00e1cter y sofisticaci\u00f3n, evolucionando hacia un coraz\u00f3n dominado por la nobleza del oud acompa\u00f1ado de matices ambarados que aportan profundidad y un aura intensa.<\/p>\n<p data-start=\"463\" data-end=\"682\">Su fondo es oscuro, almizclado y persistentemente envolvente, dejando una estela fuerte, elegante y memorable. Es ideal para quien busca un perfume con presencia notable, car\u00e1cter definido y una firma arom\u00e1tica intensa.<\/p>\n<p data-start=\"684\" data-end=\"804\">Perfecto para noches, eventos especiales o clima fresco, este aroma proyecta poder, seguridad y una sofisticaci\u00f3n audaz.<\/p>\n<p data-start=\"806\" data-end=\"927\"><strong data-start=\"806\" data-end=\"827\">Familia olfativa:<\/strong> Oriental amaderada oud<br data-start=\"850\" data-end=\"853\" \/><strong data-start=\"853\" data-end=\"870\">Presentaci\u00f3n:<\/strong> 100 ml<br data-start=\"877\" data-end=\"880\" \/><strong data-start=\"880\" data-end=\"889\">Tipo:<\/strong> Eau de Parfum<br data-start=\"903\" data-end=\"906\" \/><strong data-start=\"906\" data-end=\"918\">P\u00fablico:<\/strong> Hombre<\/p>\n<p data-start=\"929\" data-end=\"1109\">Inspirado en el estilo lujoso y profundo de <strong data-start=\"973\" data-end=\"985\">Oud Wood<\/strong> de Tom Ford, ofreciendo una experiencia potente, elegante y con un car\u00e1cter intenso, con excelente relaci\u00f3n calidad\u2013precio.<\/p>\n","protected":false},"excerpt":{"rendered":"<p>Una fragancia masculina profunda, c\u00e1lida y poderosa que combina la riqueza del oud con matices resinosos y ahumados que envuelven los sentidos desde el primer instante. Sab-Ha-Wa-Oud abre con notas intensas y ligeramente especiadas que transmiten car\u00e1cter y sofisticaci\u00f3n, evolucionando hacia un coraz\u00f3n dominado por la nobleza del oud acompa\u00f1ado de matices ambarados que aportan [&hellip;]<\/p>\n","protected":false},"featured_media":832,"comment_status":"open","ping_status":"closed","template":"","meta":[],"product_brand":[],"product_cat":[15,34,49],"product_tag":[],"class_list":{"0":"post-831","1":"product","2":"type-product","3":"status-publish","4":"has-post-thumbnail","6":"product_cat-uncategorized","7":"product_cat-nusuk","8":"product_cat-perfumes-arabes","10":"first","11":"instock","12":"shipping-taxable","13":"purchasable","14":"product-type-simple"},"_links":{"self":[{"href":"https:\/\/distribucionesdeoccidente.com.mx\/index.php\/wp-json\/wp\/v2\/product\/831","targetHints":{"allow":["GET"]}}],"collection":[{"href":"https:\/\/distribucionesdeoccidente.com.mx\/index.php\/wp-json\/wp\/v2\/product"}],"about":[{"href":"https:\/\/distribucionesdeoccidente.com.mx\/index.php\/wp-json\/wp\/v2\/types\/product"}],"replies":[{"embeddable":true,"href":"https:\/\/distribucionesdeoccidente.com.mx\/index.php\/wp-json\/wp\/v2\/comments?post=831"}],"wp:featuredmedia":[{"embeddable":true,"href":"https:\/\/distribucionesdeoccidente.com.mx\/index.php\/wp-json\/wp\/v2\/media\/832"}],"wp:attachment":[{"href":"https:\/\/distribucionesdeoccidente.com.mx\/index.php\/wp-json\/wp\/v2\/media?parent=831"}],"wp:term":[{"taxonomy":"product_brand","embeddable":true,"href":"https:\/\/distribucionesdeoccidente.com.mx\/index.php\/wp-json\/wp\/v2\/product_brand?post=831"},{"taxonomy":"product_cat","embeddable":true,"href":"https:\/\/distribucionesdeoccidente.com.mx\/index.php\/wp-json\/wp\/v2\/product_cat?post=831"},{"taxonomy":"product_tag","embeddable":true,"href":"https:\/\/distribucionesdeoccidente.com.mx\/index.php\/wp-json\/wp\/v2\/product_tag?post=831"}],"curies":[{"name":"wp","href":"https:\/\/api.w.org\/{rel}","templated":true}]}}