{"id":790,"date":"2026-02-12T00:15:43","date_gmt":"2026-02-12T00:15:43","guid":{"rendered":"https:\/\/distribucionesdeoccidente.com.mx\/?post_type=product&#038;p=790"},"modified":"2026-04-14T02:36:33","modified_gmt":"2026-04-14T02:36:33","slug":"nusuk-ajwaaa-oud-black-de-nusuk-eau-de-parfum-100-ml","status":"publish","type":"product","link":"https:\/\/distribucionesdeoccidente.com.mx\/index.php\/product\/nusuk-ajwaaa-oud-black-de-nusuk-eau-de-parfum-100-ml\/","title":{"rendered":"Nusuk Ajwaaa Oud Black de Nusuk \u2013 Eau de Parfum 100 ml"},"content":{"rendered":"<p data-start=\"165\" data-end=\"489\">Una fragancia masculina intensa, sofisticada y profundamente envolvente. Ajwaaa Oud Black abre con notas especiadas y ligeramente dulces que capturan la atenci\u00f3n desde el primer instante, dando paso a un coraz\u00f3n c\u00e1lido donde el oud se mezcla con acordes amaderados y orientales que aportan car\u00e1cter, elegancia y profundidad.<\/p>\n<p data-start=\"491\" data-end=\"733\">Su fondo es oscuro, sensual y persistente, con matices ambarados y almizclados que dejan una estela poderosa y refinada. Es un perfume que proyecta autoridad, misterio y seguridad, ideal para quienes disfrutan aromas intensos y con presencia.<\/p>\n<p data-start=\"735\" data-end=\"849\">Perfecto para noches, eventos especiales o climas frescos, es una fragancia dise\u00f1ada para destacar y dejar huella.<\/p>\n<p data-start=\"851\" data-end=\"972\"><strong data-start=\"851\" data-end=\"872\">Familia olfativa:<\/strong> Oriental amaderada oud<br data-start=\"895\" data-end=\"898\" \/><strong data-start=\"898\" data-end=\"915\">Presentaci\u00f3n:<\/strong> 100 ml<br data-start=\"922\" data-end=\"925\" \/><strong data-start=\"925\" data-end=\"934\">Tipo:<\/strong> Eau de Parfum<br data-start=\"948\" data-end=\"951\" \/><strong data-start=\"951\" data-end=\"963\">P\u00fablico:<\/strong> Hombre<\/p>\n<p data-start=\"974\" data-end=\"1196\">Inspirado en el estilo intenso y lujoso de <span class=\"hover:entity-accent entity-underline inline cursor-pointer align-baseline\"><span class=\"whitespace-normal\">Oud for Greatness<\/span><\/span> de <span class=\"hover:entity-accent entity-underline inline cursor-pointer align-baseline\"><span class=\"whitespace-normal\">Initio Parfums Priv\u00e9s<\/span><\/span>, ofreciendo una experiencia profunda, oscura y envolvente con una excelente relaci\u00f3n calidad\u2013precio.<\/p>\n","protected":false},"excerpt":{"rendered":"<p>Una fragancia masculina intensa, sofisticada y profundamente envolvente. Ajwaaa Oud Black abre con notas especiadas y ligeramente dulces que capturan la atenci\u00f3n desde el primer instante, dando paso a un coraz\u00f3n c\u00e1lido donde el oud se mezcla con acordes amaderados y orientales que aportan car\u00e1cter, elegancia y profundidad. Su fondo es oscuro, sensual y persistente, [&hellip;]<\/p>\n","protected":false},"featured_media":791,"comment_status":"open","ping_status":"closed","template":"","meta":[],"product_brand":[],"product_cat":[15,34,49],"product_tag":[],"class_list":{"0":"post-790","1":"product","2":"type-product","3":"status-publish","4":"has-post-thumbnail","6":"product_cat-uncategorized","7":"product_cat-nusuk","8":"product_cat-perfumes-arabes","10":"first","11":"instock","12":"shipping-taxable","13":"purchasable","14":"product-type-simple"},"_links":{"self":[{"href":"https:\/\/distribucionesdeoccidente.com.mx\/index.php\/wp-json\/wp\/v2\/product\/790","targetHints":{"allow":["GET"]}}],"collection":[{"href":"https:\/\/distribucionesdeoccidente.com.mx\/index.php\/wp-json\/wp\/v2\/product"}],"about":[{"href":"https:\/\/distribucionesdeoccidente.com.mx\/index.php\/wp-json\/wp\/v2\/types\/product"}],"replies":[{"embeddable":true,"href":"https:\/\/distribucionesdeoccidente.com.mx\/index.php\/wp-json\/wp\/v2\/comments?post=790"}],"wp:featuredmedia":[{"embeddable":true,"href":"https:\/\/distribucionesdeoccidente.com.mx\/index.php\/wp-json\/wp\/v2\/media\/791"}],"wp:attachment":[{"href":"https:\/\/distribucionesdeoccidente.com.mx\/index.php\/wp-json\/wp\/v2\/media?parent=790"}],"wp:term":[{"taxonomy":"product_brand","embeddable":true,"href":"https:\/\/distribucionesdeoccidente.com.mx\/index.php\/wp-json\/wp\/v2\/product_brand?post=790"},{"taxonomy":"product_cat","embeddable":true,"href":"https:\/\/distribucionesdeoccidente.com.mx\/index.php\/wp-json\/wp\/v2\/product_cat?post=790"},{"taxonomy":"product_tag","embeddable":true,"href":"https:\/\/distribucionesdeoccidente.com.mx\/index.php\/wp-json\/wp\/v2\/product_tag?post=790"}],"curies":[{"name":"wp","href":"https:\/\/api.w.org\/{rel}","templated":true}]}}