{"id":718,"date":"2026-02-04T01:44:51","date_gmt":"2026-02-04T01:44:51","guid":{"rendered":"https:\/\/distribucionesdeoccidente.com.mx\/?post_type=product&#038;p=718"},"modified":"2026-04-14T02:38:29","modified_gmt":"2026-04-14T02:38:29","slug":"accord-homme-de-riiffs-eau-de-parfum-100-ml","status":"publish","type":"product","link":"https:\/\/distribucionesdeoccidente.com.mx\/index.php\/product\/accord-homme-de-riiffs-eau-de-parfum-100-ml\/","title":{"rendered":"Accord Homme de Riiffs \u2013 Eau de Parfum 100 ml"},"content":{"rendered":"<p data-start=\"119\" data-end=\"439\">Una fragancia <strong data-start=\"133\" data-end=\"146\">masculina<\/strong> fresca, elegante y moderna. <strong data-start=\"175\" data-end=\"191\">Accord Homme<\/strong> abre con notas c\u00edtricas limpias que transmiten energ\u00eda y sofisticaci\u00f3n, evolucionando hacia un coraz\u00f3n arom\u00e1tico especiado que aporta car\u00e1cter y profundidad. Su fondo es amaderado y almizclado, dejando una estela limpia, masculina y muy agradable.<\/p>\n<p data-start=\"441\" data-end=\"612\">Es un perfume ideal para el uso diario, oficina o clima c\u00e1lido, perfecto para quienes buscan un aroma fresco con un toque elegante. Proyecta pulcritud, seguridad y estilo.<\/p>\n<p data-start=\"614\" data-end=\"717\"><strong data-start=\"614\" data-end=\"635\">Familia olfativa:<\/strong> Arom\u00e1tica amaderada fresca<br data-start=\"662\" data-end=\"665\" \/><strong data-start=\"665\" data-end=\"682\">Presentaci\u00f3n:<\/strong> 100 ml<br data-start=\"689\" data-end=\"692\" \/><strong data-start=\"692\" data-end=\"701\">Tipo:<\/strong> Eau de Parfum<\/p>\n<p data-start=\"719\" data-end=\"902\">Inspirado en el estilo fresco y moderno de <em data-start=\"762\" data-end=\"778\">Bleu de Chanel<\/em> y <em data-start=\"781\" data-end=\"803\">Yves Saint Laurent Y<\/em>, ofrece una experiencia similar con un car\u00e1cter m\u00e1s suave y una excelente relaci\u00f3n calidad\u2013precio.<\/p>\n","protected":false},"excerpt":{"rendered":"<p>Una fragancia masculina fresca, elegante y moderna. Accord Homme abre con notas c\u00edtricas limpias que transmiten energ\u00eda y sofisticaci\u00f3n, evolucionando hacia un coraz\u00f3n arom\u00e1tico especiado que aporta car\u00e1cter y profundidad. Su fondo es amaderado y almizclado, dejando una estela limpia, masculina y muy agradable. Es un perfume ideal para el uso diario, oficina o clima [&hellip;]<\/p>\n","protected":false},"featured_media":719,"comment_status":"open","ping_status":"closed","template":"","meta":[],"product_brand":[],"product_cat":[15,49,33],"product_tag":[],"class_list":{"0":"post-718","1":"product","2":"type-product","3":"status-publish","4":"has-post-thumbnail","6":"product_cat-uncategorized","7":"product_cat-perfumes-arabes","8":"product_cat-riiffs","10":"first","11":"instock","12":"sale","13":"shipping-taxable","14":"purchasable","15":"product-type-simple"},"_links":{"self":[{"href":"https:\/\/distribucionesdeoccidente.com.mx\/index.php\/wp-json\/wp\/v2\/product\/718","targetHints":{"allow":["GET"]}}],"collection":[{"href":"https:\/\/distribucionesdeoccidente.com.mx\/index.php\/wp-json\/wp\/v2\/product"}],"about":[{"href":"https:\/\/distribucionesdeoccidente.com.mx\/index.php\/wp-json\/wp\/v2\/types\/product"}],"replies":[{"embeddable":true,"href":"https:\/\/distribucionesdeoccidente.com.mx\/index.php\/wp-json\/wp\/v2\/comments?post=718"}],"wp:featuredmedia":[{"embeddable":true,"href":"https:\/\/distribucionesdeoccidente.com.mx\/index.php\/wp-json\/wp\/v2\/media\/719"}],"wp:attachment":[{"href":"https:\/\/distribucionesdeoccidente.com.mx\/index.php\/wp-json\/wp\/v2\/media?parent=718"}],"wp:term":[{"taxonomy":"product_brand","embeddable":true,"href":"https:\/\/distribucionesdeoccidente.com.mx\/index.php\/wp-json\/wp\/v2\/product_brand?post=718"},{"taxonomy":"product_cat","embeddable":true,"href":"https:\/\/distribucionesdeoccidente.com.mx\/index.php\/wp-json\/wp\/v2\/product_cat?post=718"},{"taxonomy":"product_tag","embeddable":true,"href":"https:\/\/distribucionesdeoccidente.com.mx\/index.php\/wp-json\/wp\/v2\/product_tag?post=718"}],"curies":[{"name":"wp","href":"https:\/\/api.w.org\/{rel}","templated":true}]}}