{"id":715,"date":"2026-02-04T01:42:12","date_gmt":"2026-02-04T01:42:12","guid":{"rendered":"https:\/\/distribucionesdeoccidente.com.mx\/?post_type=product&#038;p=715"},"modified":"2026-04-14T02:38:40","modified_gmt":"2026-04-14T02:38:40","slug":"angelique-extrait-de-vanilla-de-riiffs-eau-de-parfum-100-ml","status":"publish","type":"product","link":"https:\/\/distribucionesdeoccidente.com.mx\/index.php\/product\/angelique-extrait-de-vanilla-de-riiffs-eau-de-parfum-100-ml\/","title":{"rendered":"Angelique Extrait Vanilla de Riiffs \u2013 Eau de Parfum 100 ml"},"content":{"rendered":"<p data-start=\"328\" data-end=\"728\">Una fragancia <strong data-start=\"342\" data-end=\"352\">unisex<\/strong> c\u00e1lida, adictiva y profundamente elegante. <strong data-start=\"396\" data-end=\"428\">Angelique Extrait de Vanilla<\/strong> gira en torno a una vainilla cremosa, intensa y lujosa, acompa\u00f1ada de matices dulces y ligeramente especiados que crean una sensaci\u00f3n envolvente desde el primer instante. Su coraz\u00f3n es suave y gourmand, mientras que el fondo es ambarado y almizclado, dejando una estela c\u00e1lida, seductora y duradera.<\/p>\n<p data-start=\"730\" data-end=\"939\">Es un perfume ideal para la noche, clima fr\u00edo, citas y momentos donde quieres destacar con un aroma dulce, elegante y muy sensual. Proyecta lujo, confort y una presencia irresistible, sin distinci\u00f3n de g\u00e9nero.<\/p>\n<p data-start=\"941\" data-end=\"1044\"><strong data-start=\"941\" data-end=\"962\">Familia olfativa:<\/strong> Oriental vainilla gourmand<br data-start=\"989\" data-end=\"992\" \/><strong data-start=\"992\" data-end=\"1009\">Presentaci\u00f3n:<\/strong> 100 ml<br data-start=\"1016\" data-end=\"1019\" \/><strong data-start=\"1019\" data-end=\"1028\">Tipo:<\/strong> Eau de Parfum<\/p>\n<p data-start=\"1046\" data-end=\"1264\">Inspirado en el estilo vainilla intenso y nicho de <em data-start=\"1097\" data-end=\"1109\">Vanilla 28<\/em> de Kayali y <em data-start=\"1122\" data-end=\"1150\">Spiritueuse Double Vanille<\/em> de Guerlain, ofrece una experiencia similar con un car\u00e1cter m\u00e1s profundo y una excelente relaci\u00f3n calidad\u2013precio.<\/p>\n","protected":false},"excerpt":{"rendered":"<p>Una fragancia unisex c\u00e1lida, adictiva y profundamente elegante. Angelique Extrait de Vanilla gira en torno a una vainilla cremosa, intensa y lujosa, acompa\u00f1ada de matices dulces y ligeramente especiados que crean una sensaci\u00f3n envolvente desde el primer instante. Su coraz\u00f3n es suave y gourmand, mientras que el fondo es ambarado y almizclado, dejando una estela [&hellip;]<\/p>\n","protected":false},"featured_media":716,"comment_status":"open","ping_status":"closed","template":"","meta":[],"product_brand":[],"product_cat":[15,31,49,33,41],"product_tag":[],"class_list":{"0":"post-715","1":"product","2":"type-product","3":"status-publish","4":"has-post-thumbnail","6":"product_cat-uncategorized","7":"product_cat-mujer","8":"product_cat-perfumes-arabes","9":"product_cat-riiffs","10":"product_cat-unisex","12":"first","13":"instock","14":"shipping-taxable","15":"purchasable","16":"product-type-simple"},"_links":{"self":[{"href":"https:\/\/distribucionesdeoccidente.com.mx\/index.php\/wp-json\/wp\/v2\/product\/715","targetHints":{"allow":["GET"]}}],"collection":[{"href":"https:\/\/distribucionesdeoccidente.com.mx\/index.php\/wp-json\/wp\/v2\/product"}],"about":[{"href":"https:\/\/distribucionesdeoccidente.com.mx\/index.php\/wp-json\/wp\/v2\/types\/product"}],"replies":[{"embeddable":true,"href":"https:\/\/distribucionesdeoccidente.com.mx\/index.php\/wp-json\/wp\/v2\/comments?post=715"}],"wp:featuredmedia":[{"embeddable":true,"href":"https:\/\/distribucionesdeoccidente.com.mx\/index.php\/wp-json\/wp\/v2\/media\/716"}],"wp:attachment":[{"href":"https:\/\/distribucionesdeoccidente.com.mx\/index.php\/wp-json\/wp\/v2\/media?parent=715"}],"wp:term":[{"taxonomy":"product_brand","embeddable":true,"href":"https:\/\/distribucionesdeoccidente.com.mx\/index.php\/wp-json\/wp\/v2\/product_brand?post=715"},{"taxonomy":"product_cat","embeddable":true,"href":"https:\/\/distribucionesdeoccidente.com.mx\/index.php\/wp-json\/wp\/v2\/product_cat?post=715"},{"taxonomy":"product_tag","embeddable":true,"href":"https:\/\/distribucionesdeoccidente.com.mx\/index.php\/wp-json\/wp\/v2\/product_tag?post=715"}],"curies":[{"name":"wp","href":"https:\/\/api.w.org\/{rel}","templated":true}]}}