{"id":712,"date":"2026-02-04T01:40:16","date_gmt":"2026-02-04T01:40:16","guid":{"rendered":"https:\/\/distribucionesdeoccidente.com.mx\/?post_type=product&#038;p=712"},"modified":"2026-04-14T02:38:47","modified_gmt":"2026-04-14T02:38:47","slug":"ardor-intensive-de-riiffs-eau-de-parfum-100-ml","status":"publish","type":"product","link":"https:\/\/distribucionesdeoccidente.com.mx\/index.php\/product\/ardor-intensive-de-riiffs-eau-de-parfum-100-ml\/","title":{"rendered":"Ardor Intensive de Riiffs \u2013 Eau de Parfum 100 ml"},"content":{"rendered":"<p data-start=\"82\" data-end=\"474\">Una fragancia <strong data-start=\"96\" data-end=\"109\">masculina<\/strong> intensa, vibrante y profundamente seductora. <strong data-start=\"155\" data-end=\"174\">Ardor Intensive<\/strong> se abre con notas especiadas y frescas que aportan energ\u00eda y car\u00e1cter desde el primer instante, evolucionando hacia un coraz\u00f3n arom\u00e1tico c\u00e1lido con matices especiados y ligeramente dulces. Su fondo es amaderado, almizclado y ligeramente ahumado, dejando una estela potente, masculina y muy duradera.<\/p>\n<p data-start=\"476\" data-end=\"662\">Es un perfume ideal para la noche, citas o momentos especiales donde quieres proyectar seguridad, presencia y un estilo moderno. Proyecta fuerza, sofisticaci\u00f3n y un magnetismo innegable.<\/p>\n<p data-start=\"664\" data-end=\"769\"><strong data-start=\"664\" data-end=\"685\">Familia olfativa:<\/strong> Oriental amaderada especiada<br data-start=\"714\" data-end=\"717\" \/><strong data-start=\"717\" data-end=\"734\">Presentaci\u00f3n:<\/strong> 100 ml<br data-start=\"741\" data-end=\"744\" \/><strong data-start=\"744\" data-end=\"753\">Tipo:<\/strong> Eau de Parfum<\/p>\n<p data-start=\"771\" data-end=\"995\">Inspirado en el estilo intenso y elegante de <em data-start=\"816\" data-end=\"836\">Dior Homme Intense<\/em> y <em data-start=\"839\" data-end=\"871\">Yves Saint Laurent Y Le Parfum<\/em>, ofrece una experiencia similar con un car\u00e1cter m\u00e1s profundo y envolvente, adem\u00e1s de una excelente relaci\u00f3n calidad\u2013precio.<\/p>\n","protected":false},"excerpt":{"rendered":"<p>Una fragancia masculina intensa, vibrante y profundamente seductora. Ardor Intensive se abre con notas especiadas y frescas que aportan energ\u00eda y car\u00e1cter desde el primer instante, evolucionando hacia un coraz\u00f3n arom\u00e1tico c\u00e1lido con matices especiados y ligeramente dulces. Su fondo es amaderado, almizclado y ligeramente ahumado, dejando una estela potente, masculina y muy duradera. Es [&hellip;]<\/p>\n","protected":false},"featured_media":713,"comment_status":"open","ping_status":"closed","template":"","meta":[],"product_brand":[],"product_cat":[15,49,33],"product_tag":[],"class_list":{"0":"post-712","1":"product","2":"type-product","3":"status-publish","4":"has-post-thumbnail","6":"product_cat-uncategorized","7":"product_cat-perfumes-arabes","8":"product_cat-riiffs","10":"first","11":"instock","12":"sale","13":"shipping-taxable","14":"purchasable","15":"product-type-simple"},"_links":{"self":[{"href":"https:\/\/distribucionesdeoccidente.com.mx\/index.php\/wp-json\/wp\/v2\/product\/712","targetHints":{"allow":["GET"]}}],"collection":[{"href":"https:\/\/distribucionesdeoccidente.com.mx\/index.php\/wp-json\/wp\/v2\/product"}],"about":[{"href":"https:\/\/distribucionesdeoccidente.com.mx\/index.php\/wp-json\/wp\/v2\/types\/product"}],"replies":[{"embeddable":true,"href":"https:\/\/distribucionesdeoccidente.com.mx\/index.php\/wp-json\/wp\/v2\/comments?post=712"}],"wp:featuredmedia":[{"embeddable":true,"href":"https:\/\/distribucionesdeoccidente.com.mx\/index.php\/wp-json\/wp\/v2\/media\/713"}],"wp:attachment":[{"href":"https:\/\/distribucionesdeoccidente.com.mx\/index.php\/wp-json\/wp\/v2\/media?parent=712"}],"wp:term":[{"taxonomy":"product_brand","embeddable":true,"href":"https:\/\/distribucionesdeoccidente.com.mx\/index.php\/wp-json\/wp\/v2\/product_brand?post=712"},{"taxonomy":"product_cat","embeddable":true,"href":"https:\/\/distribucionesdeoccidente.com.mx\/index.php\/wp-json\/wp\/v2\/product_cat?post=712"},{"taxonomy":"product_tag","embeddable":true,"href":"https:\/\/distribucionesdeoccidente.com.mx\/index.php\/wp-json\/wp\/v2\/product_tag?post=712"}],"curies":[{"name":"wp","href":"https:\/\/api.w.org\/{rel}","templated":true}]}}