{"id":709,"date":"2026-02-04T01:38:39","date_gmt":"2026-02-04T01:38:39","guid":{"rendered":"https:\/\/distribucionesdeoccidente.com.mx\/?post_type=product&#038;p=709"},"modified":"2026-04-15T02:12:35","modified_gmt":"2026-04-15T02:12:35","slug":"bleu-absolu-de-riiffs-eau-de-parfum-100-ml","status":"publish","type":"product","link":"https:\/\/distribucionesdeoccidente.com.mx\/index.php\/product\/bleu-absolu-de-riiffs-eau-de-parfum-100-ml\/","title":{"rendered":"Bleu Absolu de Riiffs \u2013 Eau de Parfum 100 ml"},"content":{"rendered":"<p data-start=\"266\" data-end=\"631\">Una fragancia <strong data-start=\"280\" data-end=\"293\">masculina<\/strong> elegante, intensa y moderna. <strong data-start=\"323\" data-end=\"338\">Bleu Absolu<\/strong> abre con notas c\u00edtricas frescas y chispeantes que aportan energ\u00eda y limpieza desde el primer instante, evolucionando hacia un coraz\u00f3n arom\u00e1tico especiado que le da car\u00e1cter y sofisticaci\u00f3n. Su fondo es profundo, amaderado y ligeramente dulce, dejando una estela potente, seductora y duradera.<\/p>\n<p data-start=\"633\" data-end=\"831\">Es un perfume ideal para la noche, citas o cualquier ocasi\u00f3n donde quieres proyectar presencia, seguridad y estilo sin ser invasivo. Proyecta un equilibrio perfecto entre frescura vibrante y fuerza.<\/p>\n<p data-start=\"833\" data-end=\"936\"><strong data-start=\"833\" data-end=\"854\">Familia olfativa:<\/strong> Arom\u00e1tica amaderada fresca<br data-start=\"881\" data-end=\"884\" \/><strong data-start=\"884\" data-end=\"901\">Presentaci\u00f3n:<\/strong> 100 ml<br data-start=\"908\" data-end=\"911\" \/><strong data-start=\"911\" data-end=\"920\">Tipo:<\/strong> Eau de Parfum<\/p>\n<p data-start=\"938\" data-end=\"1195\">Inspirado en el estilo <strong data-start=\"961\" data-end=\"1009\">fresco y elegante de <em data-start=\"984\" data-end=\"1007\">Bleu de Chanel Parfum<\/em><\/strong> y tambi\u00e9n recuerda al <strong data-start=\"1032\" data-end=\"1082\">car\u00e1cter moderno y especiado de <em data-start=\"1066\" data-end=\"1080\">Dior Sauvage<\/em><\/strong>, ofreciendo una experiencia similar con un car\u00e1cter un poco m\u00e1s intenso y una excelente relaci\u00f3n calidad\u2013precio.<\/p>\n","protected":false},"excerpt":{"rendered":"<p>Una fragancia masculina elegante, intensa y moderna. Bleu Absolu abre con notas c\u00edtricas frescas y chispeantes que aportan energ\u00eda y limpieza desde el primer instante, evolucionando hacia un coraz\u00f3n arom\u00e1tico especiado que le da car\u00e1cter y sofisticaci\u00f3n. Su fondo es profundo, amaderado y ligeramente dulce, dejando una estela potente, seductora y duradera. Es un perfume [&hellip;]<\/p>\n","protected":false},"featured_media":1560,"comment_status":"open","ping_status":"closed","template":"","meta":[],"product_brand":[],"product_cat":[50,15,23,49,33],"product_tag":[],"class_list":{"0":"post-709","1":"product","2":"type-product","3":"status-publish","4":"has-post-thumbnail","6":"product_cat-destacados","7":"product_cat-uncategorized","8":"product_cat-ofertas","9":"product_cat-perfumes-arabes","10":"product_cat-riiffs","12":"first","13":"instock","14":"sale","15":"shipping-taxable","16":"purchasable","17":"product-type-simple"},"_links":{"self":[{"href":"https:\/\/distribucionesdeoccidente.com.mx\/index.php\/wp-json\/wp\/v2\/product\/709","targetHints":{"allow":["GET"]}}],"collection":[{"href":"https:\/\/distribucionesdeoccidente.com.mx\/index.php\/wp-json\/wp\/v2\/product"}],"about":[{"href":"https:\/\/distribucionesdeoccidente.com.mx\/index.php\/wp-json\/wp\/v2\/types\/product"}],"replies":[{"embeddable":true,"href":"https:\/\/distribucionesdeoccidente.com.mx\/index.php\/wp-json\/wp\/v2\/comments?post=709"}],"wp:featuredmedia":[{"embeddable":true,"href":"https:\/\/distribucionesdeoccidente.com.mx\/index.php\/wp-json\/wp\/v2\/media\/1560"}],"wp:attachment":[{"href":"https:\/\/distribucionesdeoccidente.com.mx\/index.php\/wp-json\/wp\/v2\/media?parent=709"}],"wp:term":[{"taxonomy":"product_brand","embeddable":true,"href":"https:\/\/distribucionesdeoccidente.com.mx\/index.php\/wp-json\/wp\/v2\/product_brand?post=709"},{"taxonomy":"product_cat","embeddable":true,"href":"https:\/\/distribucionesdeoccidente.com.mx\/index.php\/wp-json\/wp\/v2\/product_cat?post=709"},{"taxonomy":"product_tag","embeddable":true,"href":"https:\/\/distribucionesdeoccidente.com.mx\/index.php\/wp-json\/wp\/v2\/product_tag?post=709"}],"curies":[{"name":"wp","href":"https:\/\/api.w.org\/{rel}","templated":true}]}}