{"id":692,"date":"2026-02-04T01:23:09","date_gmt":"2026-02-04T01:23:09","guid":{"rendered":"https:\/\/distribucionesdeoccidente.com.mx\/?post_type=product&#038;p=692"},"modified":"2026-04-14T02:39:26","modified_gmt":"2026-04-14T02:39:26","slug":"prive-platinum-de-riiffs-eau-de-parfum-100-ml","status":"publish","type":"product","link":"https:\/\/distribucionesdeoccidente.com.mx\/index.php\/product\/prive-platinum-de-riiffs-eau-de-parfum-100-ml\/","title":{"rendered":"Priv\u00e9 Platinum de Riiffs \u2013 Eau de Parfum 100 ml"},"content":{"rendered":"<p data-start=\"0\" data-end=\"505\">Una fragancia masculina fresca, elegante y sofisticada. Priv\u00e9 Platinum abre con notas c\u00edtricas luminosas de bergamota y mandarina que aportan una sensaci\u00f3n limpia y vibrante desde el primer instante, acompa\u00f1adas de un matiz verde y ligeramente t\u00e9 que transmite frescura refinada. Evoluciona hacia un coraz\u00f3n suave y arom\u00e1tico que mantiene su car\u00e1cter limpio y moderno, mientras que su fondo es almizclado, ligeramente amaderado y con un toque mineral, dejando una estela fresca, elegante y muy distintiva.<\/p>\n<p data-start=\"507\" data-end=\"692\">Es un perfume ideal para el uso diario, oficina o clima c\u00e1lido, perfecto para quienes buscan un aroma limpio, sofisticado y diferente. Proyecta pulcritud, frescura y un estilo refinado.<\/p>\n<p data-start=\"694\" data-end=\"787\">Familia olfativa: Arom\u00e1tica c\u00edtrica almizclada<br data-start=\"740\" data-end=\"743\" \/>Presentaci\u00f3n: 100 ml<br data-start=\"763\" data-end=\"766\" \/>Tipo: Eau de Parfum<\/p>\n<p data-start=\"789\" data-end=\"968\" data-is-last-node=\"\" data-is-only-node=\"\">Inspirado en el estilo fresco, limpio y elegante de <strong>Creed Silver Mountain Water<\/strong>, ofrece una experiencia similar con una personalidad suave y una excelente relaci\u00f3n calidad\u2013precio.<\/p>\n","protected":false},"excerpt":{"rendered":"<p>Una fragancia masculina fresca, elegante y sofisticada. Priv\u00e9 Platinum abre con notas c\u00edtricas luminosas de bergamota y mandarina que aportan una sensaci\u00f3n limpia y vibrante desde el primer instante, acompa\u00f1adas de un matiz verde y ligeramente t\u00e9 que transmite frescura refinada. Evoluciona hacia un coraz\u00f3n suave y arom\u00e1tico que mantiene su car\u00e1cter limpio y moderno, [&hellip;]<\/p>\n","protected":false},"featured_media":693,"comment_status":"open","ping_status":"closed","template":"","meta":[],"product_brand":[],"product_cat":[15,49,33],"product_tag":[],"class_list":{"0":"post-692","1":"product","2":"type-product","3":"status-publish","4":"has-post-thumbnail","6":"product_cat-uncategorized","7":"product_cat-perfumes-arabes","8":"product_cat-riiffs","10":"first","11":"instock","12":"shipping-taxable","13":"purchasable","14":"product-type-simple"},"_links":{"self":[{"href":"https:\/\/distribucionesdeoccidente.com.mx\/index.php\/wp-json\/wp\/v2\/product\/692","targetHints":{"allow":["GET"]}}],"collection":[{"href":"https:\/\/distribucionesdeoccidente.com.mx\/index.php\/wp-json\/wp\/v2\/product"}],"about":[{"href":"https:\/\/distribucionesdeoccidente.com.mx\/index.php\/wp-json\/wp\/v2\/types\/product"}],"replies":[{"embeddable":true,"href":"https:\/\/distribucionesdeoccidente.com.mx\/index.php\/wp-json\/wp\/v2\/comments?post=692"}],"wp:featuredmedia":[{"embeddable":true,"href":"https:\/\/distribucionesdeoccidente.com.mx\/index.php\/wp-json\/wp\/v2\/media\/693"}],"wp:attachment":[{"href":"https:\/\/distribucionesdeoccidente.com.mx\/index.php\/wp-json\/wp\/v2\/media?parent=692"}],"wp:term":[{"taxonomy":"product_brand","embeddable":true,"href":"https:\/\/distribucionesdeoccidente.com.mx\/index.php\/wp-json\/wp\/v2\/product_brand?post=692"},{"taxonomy":"product_cat","embeddable":true,"href":"https:\/\/distribucionesdeoccidente.com.mx\/index.php\/wp-json\/wp\/v2\/product_cat?post=692"},{"taxonomy":"product_tag","embeddable":true,"href":"https:\/\/distribucionesdeoccidente.com.mx\/index.php\/wp-json\/wp\/v2\/product_tag?post=692"}],"curies":[{"name":"wp","href":"https:\/\/api.w.org\/{rel}","templated":true}]}}