{"id":689,"date":"2026-02-04T01:20:12","date_gmt":"2026-02-04T01:20:12","guid":{"rendered":"https:\/\/distribucionesdeoccidente.com.mx\/?post_type=product&#038;p=689"},"modified":"2026-04-14T02:39:32","modified_gmt":"2026-04-14T02:39:32","slug":"cruise-de-riiffs-eau-de-parfum-100-ml","status":"publish","type":"product","link":"https:\/\/distribucionesdeoccidente.com.mx\/index.php\/product\/cruise-de-riiffs-eau-de-parfum-100-ml\/","title":{"rendered":"Cruise de Riiffs \u2013 Eau de Parfum 100 ml"},"content":{"rendered":"<p data-start=\"70\" data-end=\"452\">Una fragancia masculina fresca, vibrante y moderna. <strong data-start=\"122\" data-end=\"132\">Cruise<\/strong> abre con notas c\u00edtricas y acu\u00e1ticas que transmiten una sensaci\u00f3n limpia y energ\u00e9tica, como una brisa marina al primer contacto. Evoluciona hacia un coraz\u00f3n arom\u00e1tico suave que aporta equilibrio y frescura, mientras que el fondo es ligeramente amaderado y almizclado, dejando una estela ligera, elegante y muy agradable.<\/p>\n<p data-start=\"454\" data-end=\"598\">Es un perfume ideal para el uso diario, climas c\u00e1lidos, oficina o actividades casuales. Proyecta frescura, limpieza y una sensaci\u00f3n de libertad.<\/p>\n<p data-start=\"600\" data-end=\"702\"><strong data-start=\"600\" data-end=\"621\">Familia olfativa:<\/strong> Arom\u00e1tica acu\u00e1tica fresca<br data-start=\"647\" data-end=\"650\" \/><strong data-start=\"650\" data-end=\"667\">Presentaci\u00f3n:<\/strong> 100 ml<br data-start=\"674\" data-end=\"677\" \/><strong data-start=\"677\" data-end=\"686\">Tipo:<\/strong> Eau de Parfum<\/p>\n<p data-start=\"704\" data-end=\"883\">Inspirado en el estilo fresco y marino de <em data-start=\"746\" data-end=\"766\">Versace Dylan Blue<\/em> y <em data-start=\"769\" data-end=\"785\">Nautica Voyage<\/em>, ofrece una experiencia similar con un toque m\u00e1s moderno y una excelente relaci\u00f3n calidad\u2013precio.<\/p>\n","protected":false},"excerpt":{"rendered":"<p>Una fragancia masculina fresca, vibrante y moderna. Cruise abre con notas c\u00edtricas y acu\u00e1ticas que transmiten una sensaci\u00f3n limpia y energ\u00e9tica, como una brisa marina al primer contacto. Evoluciona hacia un coraz\u00f3n arom\u00e1tico suave que aporta equilibrio y frescura, mientras que el fondo es ligeramente amaderado y almizclado, dejando una estela ligera, elegante y muy [&hellip;]<\/p>\n","protected":false},"featured_media":691,"comment_status":"open","ping_status":"closed","template":"","meta":[],"product_brand":[],"product_cat":[15,49,33],"product_tag":[],"class_list":{"0":"post-689","1":"product","2":"type-product","3":"status-publish","4":"has-post-thumbnail","6":"product_cat-uncategorized","7":"product_cat-perfumes-arabes","8":"product_cat-riiffs","10":"first","11":"instock","12":"shipping-taxable","13":"purchasable","14":"product-type-simple"},"_links":{"self":[{"href":"https:\/\/distribucionesdeoccidente.com.mx\/index.php\/wp-json\/wp\/v2\/product\/689","targetHints":{"allow":["GET"]}}],"collection":[{"href":"https:\/\/distribucionesdeoccidente.com.mx\/index.php\/wp-json\/wp\/v2\/product"}],"about":[{"href":"https:\/\/distribucionesdeoccidente.com.mx\/index.php\/wp-json\/wp\/v2\/types\/product"}],"replies":[{"embeddable":true,"href":"https:\/\/distribucionesdeoccidente.com.mx\/index.php\/wp-json\/wp\/v2\/comments?post=689"}],"wp:featuredmedia":[{"embeddable":true,"href":"https:\/\/distribucionesdeoccidente.com.mx\/index.php\/wp-json\/wp\/v2\/media\/691"}],"wp:attachment":[{"href":"https:\/\/distribucionesdeoccidente.com.mx\/index.php\/wp-json\/wp\/v2\/media?parent=689"}],"wp:term":[{"taxonomy":"product_brand","embeddable":true,"href":"https:\/\/distribucionesdeoccidente.com.mx\/index.php\/wp-json\/wp\/v2\/product_brand?post=689"},{"taxonomy":"product_cat","embeddable":true,"href":"https:\/\/distribucionesdeoccidente.com.mx\/index.php\/wp-json\/wp\/v2\/product_cat?post=689"},{"taxonomy":"product_tag","embeddable":true,"href":"https:\/\/distribucionesdeoccidente.com.mx\/index.php\/wp-json\/wp\/v2\/product_tag?post=689"}],"curies":[{"name":"wp","href":"https:\/\/api.w.org\/{rel}","templated":true}]}}