{"id":686,"date":"2026-02-04T01:15:39","date_gmt":"2026-02-04T01:15:39","guid":{"rendered":"https:\/\/distribucionesdeoccidente.com.mx\/?post_type=product&#038;p=686"},"modified":"2026-04-14T02:39:40","modified_gmt":"2026-04-14T02:39:40","slug":"decadent-noir-de-riiffs-eau-de-parfum-100-ml","status":"publish","type":"product","link":"https:\/\/distribucionesdeoccidente.com.mx\/index.php\/product\/decadent-noir-de-riiffs-eau-de-parfum-100-ml\/","title":{"rendered":"Decadent Noir de Riiffs \u2013 Eau de Parfum 100 ml"},"content":{"rendered":"<p data-start=\"219\" data-end=\"563\">Una fragancia masculina intensa, elegante y magn\u00e9tica. <strong data-start=\"274\" data-end=\"291\">Decadent Noir<\/strong> abre con acordes especiados y frescos que recuerdan al estilo moderno de YSL, evolucionando hacia un coraz\u00f3n arom\u00e1tico c\u00e1lido con un toque dulce y sofisticado. Su fondo es profundo, amaderado y ligeramente avainillado, dejando una estela seductora, limpia y muy duradera.<\/p>\n<p data-start=\"565\" data-end=\"746\">Es un perfume ideal para la noche, citas o eventos especiales donde quieres proyectar seguridad, atractivo y presencia. Tiene ese \u201caura YSL\u201d que se siente joven, moderna y poderosa.<\/p>\n<p data-start=\"748\" data-end=\"853\"><strong data-start=\"748\" data-end=\"769\">Familia olfativa:<\/strong> Oriental arom\u00e1tica amaderada<br data-start=\"798\" data-end=\"801\" \/><strong data-start=\"801\" data-end=\"818\">Presentaci\u00f3n:<\/strong> 100 ml<br data-start=\"825\" data-end=\"828\" \/><strong data-start=\"828\" data-end=\"837\">Tipo:<\/strong> Eau de Parfum<\/p>\n<p data-start=\"855\" data-end=\"1026\">Inspirado en el estilo elegante y sensual de <em data-start=\"900\" data-end=\"925\">Y de Yves Saint Laurent<\/em>, ofrece una experiencia similar con un car\u00e1cter m\u00e1s intenso y una excelente relaci\u00f3n calidad\u2013precio.<\/p>\n","protected":false},"excerpt":{"rendered":"<p>Una fragancia masculina intensa, elegante y magn\u00e9tica. Decadent Noir abre con acordes especiados y frescos que recuerdan al estilo moderno de YSL, evolucionando hacia un coraz\u00f3n arom\u00e1tico c\u00e1lido con un toque dulce y sofisticado. Su fondo es profundo, amaderado y ligeramente avainillado, dejando una estela seductora, limpia y muy duradera. Es un perfume ideal para [&hellip;]<\/p>\n","protected":false},"featured_media":687,"comment_status":"open","ping_status":"closed","template":"","meta":[],"product_brand":[],"product_cat":[15,49,33],"product_tag":[],"class_list":{"0":"post-686","1":"product","2":"type-product","3":"status-publish","4":"has-post-thumbnail","6":"product_cat-uncategorized","7":"product_cat-perfumes-arabes","8":"product_cat-riiffs","10":"first","11":"instock","12":"shipping-taxable","13":"purchasable","14":"product-type-simple"},"_links":{"self":[{"href":"https:\/\/distribucionesdeoccidente.com.mx\/index.php\/wp-json\/wp\/v2\/product\/686","targetHints":{"allow":["GET"]}}],"collection":[{"href":"https:\/\/distribucionesdeoccidente.com.mx\/index.php\/wp-json\/wp\/v2\/product"}],"about":[{"href":"https:\/\/distribucionesdeoccidente.com.mx\/index.php\/wp-json\/wp\/v2\/types\/product"}],"replies":[{"embeddable":true,"href":"https:\/\/distribucionesdeoccidente.com.mx\/index.php\/wp-json\/wp\/v2\/comments?post=686"}],"wp:featuredmedia":[{"embeddable":true,"href":"https:\/\/distribucionesdeoccidente.com.mx\/index.php\/wp-json\/wp\/v2\/media\/687"}],"wp:attachment":[{"href":"https:\/\/distribucionesdeoccidente.com.mx\/index.php\/wp-json\/wp\/v2\/media?parent=686"}],"wp:term":[{"taxonomy":"product_brand","embeddable":true,"href":"https:\/\/distribucionesdeoccidente.com.mx\/index.php\/wp-json\/wp\/v2\/product_brand?post=686"},{"taxonomy":"product_cat","embeddable":true,"href":"https:\/\/distribucionesdeoccidente.com.mx\/index.php\/wp-json\/wp\/v2\/product_cat?post=686"},{"taxonomy":"product_tag","embeddable":true,"href":"https:\/\/distribucionesdeoccidente.com.mx\/index.php\/wp-json\/wp\/v2\/product_tag?post=686"}],"curies":[{"name":"wp","href":"https:\/\/api.w.org\/{rel}","templated":true}]}}