{"id":677,"date":"2026-02-04T01:07:44","date_gmt":"2026-02-04T01:07:44","guid":{"rendered":"https:\/\/distribucionesdeoccidente.com.mx\/?post_type=product&#038;p=677"},"modified":"2026-04-14T02:47:46","modified_gmt":"2026-04-14T02:47:46","slug":"incense-gold-de-riiffs-eau-de-parfum-100-ml","status":"publish","type":"product","link":"https:\/\/distribucionesdeoccidente.com.mx\/index.php\/product\/incense-gold-de-riiffs-eau-de-parfum-100-ml\/","title":{"rendered":"Incense Gold de Riiffs \u2013 Eau de Parfum 100 ml"},"content":{"rendered":"<p data-start=\"94\" data-end=\"489\">Una fragancia\u00a0<strong>unisex<\/strong> profunda, elegante y espiritual. <strong data-start=\"152\" data-end=\"168\">Incense Gold<\/strong> se abre con acordes resinosos e incienso que crean una sensaci\u00f3n m\u00edstica y sofisticada desde el primer instante. Evoluciona hacia un coraz\u00f3n c\u00e1lido y ligeramente especiado que aporta riqueza y car\u00e1cter, mientras que el fondo es ambarado, amaderado y suavemente ahumado, dejando una estela envolvente, intensa y duradera.<\/p>\n<p data-start=\"491\" data-end=\"677\">Es un perfume ideal para la noche, ocasiones especiales o para quienes aman los aromas orientales con un aire enigm\u00e1tico y lujoso. Proyecta presencia, calma y una personalidad magn\u00e9tica.<\/p>\n<p data-start=\"679\" data-end=\"783\"><strong data-start=\"679\" data-end=\"700\">Familia olfativa:<\/strong> Oriental amaderada resinosa<br data-start=\"728\" data-end=\"731\" \/><strong data-start=\"731\" data-end=\"748\">Presentaci\u00f3n:<\/strong> 100 ml<br data-start=\"755\" data-end=\"758\" \/><strong data-start=\"758\" data-end=\"767\">Tipo:<\/strong> Eau de Parfum<\/p>\n<p data-start=\"785\" data-end=\"948\">Inspirado en el estilo m\u00edstico y elegante de <em data-start=\"830\" data-end=\"849\">Amouage Interlude<\/em>, ofrece una experiencia similar con un car\u00e1cter m\u00e1s suave y una excelente relaci\u00f3n calidad\u2013precio.<\/p>\n","protected":false},"excerpt":{"rendered":"<p>Una fragancia\u00a0unisex profunda, elegante y espiritual. Incense Gold se abre con acordes resinosos e incienso que crean una sensaci\u00f3n m\u00edstica y sofisticada desde el primer instante. Evoluciona hacia un coraz\u00f3n c\u00e1lido y ligeramente especiado que aporta riqueza y car\u00e1cter, mientras que el fondo es ambarado, amaderado y suavemente ahumado, dejando una estela envolvente, intensa y [&hellip;]<\/p>\n","protected":false},"featured_media":678,"comment_status":"open","ping_status":"closed","template":"","meta":[],"product_brand":[],"product_cat":[49,33,41],"product_tag":[],"class_list":{"0":"post-677","1":"product","2":"type-product","3":"status-publish","4":"has-post-thumbnail","6":"product_cat-perfumes-arabes","7":"product_cat-riiffs","8":"product_cat-unisex","10":"first","11":"instock","12":"shipping-taxable","13":"purchasable","14":"product-type-simple"},"_links":{"self":[{"href":"https:\/\/distribucionesdeoccidente.com.mx\/index.php\/wp-json\/wp\/v2\/product\/677","targetHints":{"allow":["GET"]}}],"collection":[{"href":"https:\/\/distribucionesdeoccidente.com.mx\/index.php\/wp-json\/wp\/v2\/product"}],"about":[{"href":"https:\/\/distribucionesdeoccidente.com.mx\/index.php\/wp-json\/wp\/v2\/types\/product"}],"replies":[{"embeddable":true,"href":"https:\/\/distribucionesdeoccidente.com.mx\/index.php\/wp-json\/wp\/v2\/comments?post=677"}],"wp:featuredmedia":[{"embeddable":true,"href":"https:\/\/distribucionesdeoccidente.com.mx\/index.php\/wp-json\/wp\/v2\/media\/678"}],"wp:attachment":[{"href":"https:\/\/distribucionesdeoccidente.com.mx\/index.php\/wp-json\/wp\/v2\/media?parent=677"}],"wp:term":[{"taxonomy":"product_brand","embeddable":true,"href":"https:\/\/distribucionesdeoccidente.com.mx\/index.php\/wp-json\/wp\/v2\/product_brand?post=677"},{"taxonomy":"product_cat","embeddable":true,"href":"https:\/\/distribucionesdeoccidente.com.mx\/index.php\/wp-json\/wp\/v2\/product_cat?post=677"},{"taxonomy":"product_tag","embeddable":true,"href":"https:\/\/distribucionesdeoccidente.com.mx\/index.php\/wp-json\/wp\/v2\/product_tag?post=677"}],"curies":[{"name":"wp","href":"https:\/\/api.w.org\/{rel}","templated":true}]}}