{"id":668,"date":"2026-02-04T00:58:28","date_gmt":"2026-02-04T00:58:28","guid":{"rendered":"https:\/\/distribucionesdeoccidente.com.mx\/?post_type=product&#038;p=668"},"modified":"2026-04-14T02:48:07","modified_gmt":"2026-04-14T02:48:07","slug":"wonder-of-you-de-riiffs-eau-de-parfum-100-ml","status":"publish","type":"product","link":"https:\/\/distribucionesdeoccidente.com.mx\/index.php\/product\/wonder-of-you-de-riiffs-eau-de-parfum-100-ml\/","title":{"rendered":"Wonder of You de Riiffs \u2013 Eau de Parfum 100 ml"},"content":{"rendered":"<p data-start=\"83\" data-end=\"418\">Una fragancia femenina dulce, luminosa y encantadora. <strong data-start=\"137\" data-end=\"154\">Wonder of You<\/strong> abre con notas afrutadas suaves que aportan una sensaci\u00f3n alegre y vibrante, evolucionando hacia un coraz\u00f3n floral cremoso que realza su feminidad. Su fondo es c\u00e1lido, avainillado y ligeramente ambarado, dejando una estela delicada, reconfortante y muy agradable.<\/p>\n<p data-start=\"420\" data-end=\"596\">Es un perfume ideal para el uso diario, salidas casuales o momentos donde buscas un aroma bonito, dulce y f\u00e1cil de llevar. Proyecta una sensaci\u00f3n juvenil, rom\u00e1ntica y femenina.<\/p>\n<p data-start=\"598\" data-end=\"696\"><strong data-start=\"598\" data-end=\"619\">Familia olfativa:<\/strong> Floral afrutada dulce<br data-start=\"641\" data-end=\"644\" \/><strong data-start=\"644\" data-end=\"661\">Presentaci\u00f3n:<\/strong> 100 ml<br data-start=\"668\" data-end=\"671\" \/><strong data-start=\"671\" data-end=\"680\">Tipo:<\/strong> Eau de Parfum<\/p>\n<p data-start=\"698\" data-end=\"881\">Inspirado en el estilo dulce, juvenil y femenino de <em data-start=\"750\" data-end=\"765\">Thank U, Next<\/em> de Ariana Grande, ofrece una experiencia similar con un toque m\u00e1s elegante y una excelente relaci\u00f3n calidad\u2013precio.<\/p>\n","protected":false},"excerpt":{"rendered":"<p>Una fragancia femenina dulce, luminosa y encantadora. Wonder of You abre con notas afrutadas suaves que aportan una sensaci\u00f3n alegre y vibrante, evolucionando hacia un coraz\u00f3n floral cremoso que realza su feminidad. Su fondo es c\u00e1lido, avainillado y ligeramente ambarado, dejando una estela delicada, reconfortante y muy agradable. Es un perfume ideal para el uso [&hellip;]<\/p>\n","protected":false},"featured_media":669,"comment_status":"open","ping_status":"closed","template":"","meta":[],"product_brand":[],"product_cat":[31,49,33],"product_tag":[],"class_list":{"0":"post-668","1":"product","2":"type-product","3":"status-publish","4":"has-post-thumbnail","6":"product_cat-mujer","7":"product_cat-perfumes-arabes","8":"product_cat-riiffs","10":"first","11":"instock","12":"shipping-taxable","13":"purchasable","14":"product-type-simple"},"_links":{"self":[{"href":"https:\/\/distribucionesdeoccidente.com.mx\/index.php\/wp-json\/wp\/v2\/product\/668","targetHints":{"allow":["GET"]}}],"collection":[{"href":"https:\/\/distribucionesdeoccidente.com.mx\/index.php\/wp-json\/wp\/v2\/product"}],"about":[{"href":"https:\/\/distribucionesdeoccidente.com.mx\/index.php\/wp-json\/wp\/v2\/types\/product"}],"replies":[{"embeddable":true,"href":"https:\/\/distribucionesdeoccidente.com.mx\/index.php\/wp-json\/wp\/v2\/comments?post=668"}],"wp:featuredmedia":[{"embeddable":true,"href":"https:\/\/distribucionesdeoccidente.com.mx\/index.php\/wp-json\/wp\/v2\/media\/669"}],"wp:attachment":[{"href":"https:\/\/distribucionesdeoccidente.com.mx\/index.php\/wp-json\/wp\/v2\/media?parent=668"}],"wp:term":[{"taxonomy":"product_brand","embeddable":true,"href":"https:\/\/distribucionesdeoccidente.com.mx\/index.php\/wp-json\/wp\/v2\/product_brand?post=668"},{"taxonomy":"product_cat","embeddable":true,"href":"https:\/\/distribucionesdeoccidente.com.mx\/index.php\/wp-json\/wp\/v2\/product_cat?post=668"},{"taxonomy":"product_tag","embeddable":true,"href":"https:\/\/distribucionesdeoccidente.com.mx\/index.php\/wp-json\/wp\/v2\/product_tag?post=668"}],"curies":[{"name":"wp","href":"https:\/\/api.w.org\/{rel}","templated":true}]}}