{"id":661,"date":"2026-02-04T00:52:25","date_gmt":"2026-02-04T00:52:25","guid":{"rendered":"https:\/\/distribucionesdeoccidente.com.mx\/?post_type=product&#038;p=661"},"modified":"2026-04-14T02:48:27","modified_gmt":"2026-04-14T02:48:27","slug":"shanaya-de-riiffs-eau-de-parfum-100-ml","status":"publish","type":"product","link":"https:\/\/distribucionesdeoccidente.com.mx\/index.php\/product\/shanaya-de-riiffs-eau-de-parfum-100-ml\/","title":{"rendered":"Shanaya de Riiffs \u2013 Eau de Parfum 100 ml"},"content":{"rendered":"<p data-start=\"73\" data-end=\"395\">Una fragancia femenina luminosa, dulce y sofisticada. <strong data-start=\"127\" data-end=\"138\">Shanaya<\/strong> abre con notas afrutadas frescas que transmiten energ\u00eda y alegr\u00eda, evolucionando hacia un coraz\u00f3n floral cremoso que aporta elegancia y feminidad. Su fondo es c\u00e1lido, avainillado y ligeramente ambarado, dejando una estela suave, envolvente y muy atractiva.<\/p>\n<p data-start=\"397\" data-end=\"577\">Es un perfume ideal para el uso diario o para ocasiones especiales donde buscas un aroma femenino, alegre y f\u00e1cil de llevar. Proyecta frescura, dulzura y una presencia encantadora.<\/p>\n<p data-start=\"579\" data-end=\"677\"><strong data-start=\"579\" data-end=\"600\">Familia olfativa:<\/strong> Floral afrutada dulce<br data-start=\"622\" data-end=\"625\" \/><strong data-start=\"625\" data-end=\"642\">Presentaci\u00f3n:<\/strong> 100 ml<br data-start=\"649\" data-end=\"652\" \/><strong data-start=\"652\" data-end=\"661\">Tipo:<\/strong> Eau de Parfum<\/p>\n<p data-start=\"679\" data-end=\"856\">Inspirado en el estilo dulce y luminoso de <em data-start=\"722\" data-end=\"731\">Fantasy<\/em> de Britney Spears, ofrece una experiencia similar con una personalidad m\u00e1s elegante y una excelente relaci\u00f3n calidad\u2013precio.<\/p>\n","protected":false},"excerpt":{"rendered":"<p>Una fragancia femenina luminosa, dulce y sofisticada. Shanaya abre con notas afrutadas frescas que transmiten energ\u00eda y alegr\u00eda, evolucionando hacia un coraz\u00f3n floral cremoso que aporta elegancia y feminidad. Su fondo es c\u00e1lido, avainillado y ligeramente ambarado, dejando una estela suave, envolvente y muy atractiva. Es un perfume ideal para el uso diario o para [&hellip;]<\/p>\n","protected":false},"featured_media":662,"comment_status":"open","ping_status":"closed","template":"","meta":[],"product_brand":[],"product_cat":[31,49,33],"product_tag":[],"class_list":{"0":"post-661","1":"product","2":"type-product","3":"status-publish","4":"has-post-thumbnail","6":"product_cat-mujer","7":"product_cat-perfumes-arabes","8":"product_cat-riiffs","10":"first","11":"instock","12":"shipping-taxable","13":"purchasable","14":"product-type-simple"},"_links":{"self":[{"href":"https:\/\/distribucionesdeoccidente.com.mx\/index.php\/wp-json\/wp\/v2\/product\/661","targetHints":{"allow":["GET"]}}],"collection":[{"href":"https:\/\/distribucionesdeoccidente.com.mx\/index.php\/wp-json\/wp\/v2\/product"}],"about":[{"href":"https:\/\/distribucionesdeoccidente.com.mx\/index.php\/wp-json\/wp\/v2\/types\/product"}],"replies":[{"embeddable":true,"href":"https:\/\/distribucionesdeoccidente.com.mx\/index.php\/wp-json\/wp\/v2\/comments?post=661"}],"wp:featuredmedia":[{"embeddable":true,"href":"https:\/\/distribucionesdeoccidente.com.mx\/index.php\/wp-json\/wp\/v2\/media\/662"}],"wp:attachment":[{"href":"https:\/\/distribucionesdeoccidente.com.mx\/index.php\/wp-json\/wp\/v2\/media?parent=661"}],"wp:term":[{"taxonomy":"product_brand","embeddable":true,"href":"https:\/\/distribucionesdeoccidente.com.mx\/index.php\/wp-json\/wp\/v2\/product_brand?post=661"},{"taxonomy":"product_cat","embeddable":true,"href":"https:\/\/distribucionesdeoccidente.com.mx\/index.php\/wp-json\/wp\/v2\/product_cat?post=661"},{"taxonomy":"product_tag","embeddable":true,"href":"https:\/\/distribucionesdeoccidente.com.mx\/index.php\/wp-json\/wp\/v2\/product_tag?post=661"}],"curies":[{"name":"wp","href":"https:\/\/api.w.org\/{rel}","templated":true}]}}