{"id":651,"date":"2026-02-04T00:41:40","date_gmt":"2026-02-04T00:41:40","guid":{"rendered":"https:\/\/distribucionesdeoccidente.com.mx\/?post_type=product&#038;p=651"},"modified":"2026-04-14T02:50:03","modified_gmt":"2026-04-14T02:50:03","slug":"sillage-oros-by-riiffs-eau-de-parfum-100-ml","status":"publish","type":"product","link":"https:\/\/distribucionesdeoccidente.com.mx\/index.php\/product\/sillage-oros-by-riiffs-eau-de-parfum-100-ml\/","title":{"rendered":"Sillage Oros de Riiffs \u2013 Eau de Parfum 100 ml"},"content":{"rendered":"<p data-start=\"211\" data-end=\"559\">Una fragancia <strong data-start=\"225\" data-end=\"237\">femenina<\/strong> elegante, luminosa y sofisticada. <strong data-start=\"272\" data-end=\"288\">Sillage Oros<\/strong> abre con acordes afrutados y ligeramente c\u00edtricos que aportan frescura y energ\u00eda, evolucionando hacia un coraz\u00f3n floral suave y cremoso que realza su feminidad. Su fondo es c\u00e1lido y ambarado, con matices avainillados que dejan una estela envolvente, delicada y duradera.<\/p>\n<p data-start=\"561\" data-end=\"767\">Es un perfume ideal para el uso diario o para ocasiones especiales, perfecto para mujeres que buscan un aroma femenino, luminoso y con un toque de lujo. Proyecta elegancia, dulzura y una presencia refinada.<\/p>\n<p data-start=\"769\" data-end=\"870\"><strong data-start=\"769\" data-end=\"790\">Familia olfativa:<\/strong> Floral oriental afrutada<br data-start=\"815\" data-end=\"818\" \/><strong data-start=\"818\" data-end=\"835\">Presentaci\u00f3n:<\/strong> 100 ml<br data-start=\"842\" data-end=\"845\" \/><strong data-start=\"845\" data-end=\"854\">Tipo:<\/strong> Eau de Parfum<\/p>\n<p data-start=\"872\" data-end=\"1066\">Inspirado en el estilo floral luminoso y elegante de <em data-start=\"925\" data-end=\"951\">La Vie Est Belle L\u2019\u00c9clat<\/em> de Lanc\u00f4me, ofrece una experiencia similar con una personalidad m\u00e1s suave y una excelente relaci\u00f3n calidad\u2013precio.<\/p>\n","protected":false},"excerpt":{"rendered":"<p>Una fragancia femenina elegante, luminosa y sofisticada. Sillage Oros abre con acordes afrutados y ligeramente c\u00edtricos que aportan frescura y energ\u00eda, evolucionando hacia un coraz\u00f3n floral suave y cremoso que realza su feminidad. Su fondo es c\u00e1lido y ambarado, con matices avainillados que dejan una estela envolvente, delicada y duradera. Es un perfume ideal para [&hellip;]<\/p>\n","protected":false},"featured_media":652,"comment_status":"open","ping_status":"closed","template":"","meta":[],"product_brand":[],"product_cat":[31,49,33],"product_tag":[],"class_list":{"0":"post-651","1":"product","2":"type-product","3":"status-publish","4":"has-post-thumbnail","6":"product_cat-mujer","7":"product_cat-perfumes-arabes","8":"product_cat-riiffs","10":"first","11":"instock","12":"shipping-taxable","13":"purchasable","14":"product-type-simple"},"_links":{"self":[{"href":"https:\/\/distribucionesdeoccidente.com.mx\/index.php\/wp-json\/wp\/v2\/product\/651","targetHints":{"allow":["GET"]}}],"collection":[{"href":"https:\/\/distribucionesdeoccidente.com.mx\/index.php\/wp-json\/wp\/v2\/product"}],"about":[{"href":"https:\/\/distribucionesdeoccidente.com.mx\/index.php\/wp-json\/wp\/v2\/types\/product"}],"replies":[{"embeddable":true,"href":"https:\/\/distribucionesdeoccidente.com.mx\/index.php\/wp-json\/wp\/v2\/comments?post=651"}],"wp:featuredmedia":[{"embeddable":true,"href":"https:\/\/distribucionesdeoccidente.com.mx\/index.php\/wp-json\/wp\/v2\/media\/652"}],"wp:attachment":[{"href":"https:\/\/distribucionesdeoccidente.com.mx\/index.php\/wp-json\/wp\/v2\/media?parent=651"}],"wp:term":[{"taxonomy":"product_brand","embeddable":true,"href":"https:\/\/distribucionesdeoccidente.com.mx\/index.php\/wp-json\/wp\/v2\/product_brand?post=651"},{"taxonomy":"product_cat","embeddable":true,"href":"https:\/\/distribucionesdeoccidente.com.mx\/index.php\/wp-json\/wp\/v2\/product_cat?post=651"},{"taxonomy":"product_tag","embeddable":true,"href":"https:\/\/distribucionesdeoccidente.com.mx\/index.php\/wp-json\/wp\/v2\/product_tag?post=651"}],"curies":[{"name":"wp","href":"https:\/\/api.w.org\/{rel}","templated":true}]}}