{"id":648,"date":"2026-02-04T00:38:23","date_gmt":"2026-02-04T00:38:23","guid":{"rendered":"https:\/\/distribucionesdeoccidente.com.mx\/?post_type=product&#038;p=648"},"modified":"2026-04-14T02:49:56","modified_gmt":"2026-04-14T02:49:56","slug":"majestic-rose-by-riiffs-eau-de-parfum-100-ml","status":"publish","type":"product","link":"https:\/\/distribucionesdeoccidente.com.mx\/index.php\/product\/majestic-rose-by-riiffs-eau-de-parfum-100-ml\/","title":{"rendered":"Majestic Rose de Riiffs \u2013 Eau de Parfum 100 ml"},"content":{"rendered":"<p data-start=\"79\" data-end=\"491\">Una fragancia femenina elegante, intensa y sofisticada. <strong data-start=\"135\" data-end=\"152\">Majestic Rose<\/strong> abre con un acorde floral profundo donde la rosa es protagonista, aportando un car\u00e1cter rom\u00e1ntico y lujoso desde el primer instante. Su coraz\u00f3n se vuelve m\u00e1s c\u00e1lido y envolvente, con matices dulces y ligeramente especiados, mientras que el fondo es ambarado, cremoso y suavemente avainillado, dejando una estela rica, femenina y duradera.<\/p>\n<p data-start=\"493\" data-end=\"676\">Es un perfume ideal para la noche, eventos especiales o para quienes aman los aromas florales intensos con un toque oriental. Proyecta elegancia, feminidad y una presencia majestuosa.<\/p>\n<p data-start=\"678\" data-end=\"770\"><strong data-start=\"678\" data-end=\"699\">Familia olfativa:<\/strong> Floral oriental<br data-start=\"715\" data-end=\"718\" \/><strong data-start=\"718\" data-end=\"735\">Presentaci\u00f3n:<\/strong> 100 ml<br data-start=\"742\" data-end=\"745\" \/><strong data-start=\"745\" data-end=\"754\">Tipo:<\/strong> Eau de Parfum<\/p>\n<p data-start=\"772\" data-end=\"926\">Inspirado en el estilo floral intenso y elegante de <em data-start=\"824\" data-end=\"832\">Delina<\/em> de Parfums de Marly, ofrece una experiencia similar con una identidad m\u00e1s c\u00e1lida y accesible.<\/p>\n","protected":false},"excerpt":{"rendered":"<p>Una fragancia femenina elegante, intensa y sofisticada. Majestic Rose abre con un acorde floral profundo donde la rosa es protagonista, aportando un car\u00e1cter rom\u00e1ntico y lujoso desde el primer instante. Su coraz\u00f3n se vuelve m\u00e1s c\u00e1lido y envolvente, con matices dulces y ligeramente especiados, mientras que el fondo es ambarado, cremoso y suavemente avainillado, dejando [&hellip;]<\/p>\n","protected":false},"featured_media":649,"comment_status":"open","ping_status":"closed","template":"","meta":[],"product_brand":[],"product_cat":[31,49,33],"product_tag":[],"class_list":{"0":"post-648","1":"product","2":"type-product","3":"status-publish","4":"has-post-thumbnail","6":"product_cat-mujer","7":"product_cat-perfumes-arabes","8":"product_cat-riiffs","10":"first","11":"outofstock","12":"shipping-taxable","13":"purchasable","14":"product-type-simple"},"_links":{"self":[{"href":"https:\/\/distribucionesdeoccidente.com.mx\/index.php\/wp-json\/wp\/v2\/product\/648","targetHints":{"allow":["GET"]}}],"collection":[{"href":"https:\/\/distribucionesdeoccidente.com.mx\/index.php\/wp-json\/wp\/v2\/product"}],"about":[{"href":"https:\/\/distribucionesdeoccidente.com.mx\/index.php\/wp-json\/wp\/v2\/types\/product"}],"replies":[{"embeddable":true,"href":"https:\/\/distribucionesdeoccidente.com.mx\/index.php\/wp-json\/wp\/v2\/comments?post=648"}],"wp:featuredmedia":[{"embeddable":true,"href":"https:\/\/distribucionesdeoccidente.com.mx\/index.php\/wp-json\/wp\/v2\/media\/649"}],"wp:attachment":[{"href":"https:\/\/distribucionesdeoccidente.com.mx\/index.php\/wp-json\/wp\/v2\/media?parent=648"}],"wp:term":[{"taxonomy":"product_brand","embeddable":true,"href":"https:\/\/distribucionesdeoccidente.com.mx\/index.php\/wp-json\/wp\/v2\/product_brand?post=648"},{"taxonomy":"product_cat","embeddable":true,"href":"https:\/\/distribucionesdeoccidente.com.mx\/index.php\/wp-json\/wp\/v2\/product_cat?post=648"},{"taxonomy":"product_tag","embeddable":true,"href":"https:\/\/distribucionesdeoccidente.com.mx\/index.php\/wp-json\/wp\/v2\/product_tag?post=648"}],"curies":[{"name":"wp","href":"https:\/\/api.w.org\/{rel}","templated":true}]}}