{"id":643,"date":"2026-02-03T23:32:58","date_gmt":"2026-02-03T23:32:58","guid":{"rendered":"https:\/\/distribucionesdeoccidente.com.mx\/?post_type=product&#038;p=643"},"modified":"2026-04-14T02:49:42","modified_gmt":"2026-04-14T02:49:42","slug":"prive-rouge-by-riiffs-eau-de-parfum-100-ml","status":"publish","type":"product","link":"https:\/\/distribucionesdeoccidente.com.mx\/index.php\/product\/prive-rouge-by-riiffs-eau-de-parfum-100-ml\/","title":{"rendered":"Priv\u00e9 Rouge de Riiffs \u2013 Eau de Parfum 100 ml"},"content":{"rendered":"<p data-start=\"77\" data-end=\"417\">Una fragancia femenina intensa, sensual y elegante. <strong data-start=\"129\" data-end=\"144\">Priv\u00e9 Rouge<\/strong> abre con notas dulces y afrutadas que aportan una sensaci\u00f3n vibrante y seductora, evolucionando hacia un coraz\u00f3n floral c\u00e1lido y ligeramente especiado que realza su feminidad. Su fondo es cremoso, ambarado y avainillado, dejando una estela profunda, envolvente y adictiva.<\/p>\n<p data-start=\"419\" data-end=\"614\">Es un perfume ideal para la noche, citas y ocasiones especiales donde quieres destacar con un aroma sofisticado y provocador. Proyecta seguridad, pasi\u00f3n y una presencia que no pasa desapercibida.<\/p>\n<p data-start=\"616\" data-end=\"708\"><strong data-start=\"616\" data-end=\"637\">Familia olfativa:<\/strong> Oriental floral<br data-start=\"653\" data-end=\"656\" \/><strong data-start=\"656\" data-end=\"673\">Presentaci\u00f3n:<\/strong> 100 ml<br data-start=\"680\" data-end=\"683\" \/><strong data-start=\"683\" data-end=\"692\">Tipo:<\/strong> Eau de Parfum<\/p>\n<p data-start=\"710\" data-end=\"883\">Inspirado en el estilo dulce y sensual de <em data-start=\"752\" data-end=\"763\">Good Girl<\/em> de Carolina Herrera, ofrece una experiencia similar con un car\u00e1cter m\u00e1s c\u00e1lido y una excelente relaci\u00f3n calidad\u2013precio.<\/p>\n","protected":false},"excerpt":{"rendered":"<p>Una fragancia femenina intensa, sensual y elegante. Priv\u00e9 Rouge abre con notas dulces y afrutadas que aportan una sensaci\u00f3n vibrante y seductora, evolucionando hacia un coraz\u00f3n floral c\u00e1lido y ligeramente especiado que realza su feminidad. Su fondo es cremoso, ambarado y avainillado, dejando una estela profunda, envolvente y adictiva. Es un perfume ideal para la [&hellip;]<\/p>\n","protected":false},"featured_media":644,"comment_status":"open","ping_status":"closed","template":"","meta":[],"product_brand":[],"product_cat":[31,49,33],"product_tag":[],"class_list":{"0":"post-643","1":"product","2":"type-product","3":"status-publish","4":"has-post-thumbnail","6":"product_cat-mujer","7":"product_cat-perfumes-arabes","8":"product_cat-riiffs","10":"first","11":"instock","12":"shipping-taxable","13":"purchasable","14":"product-type-simple"},"_links":{"self":[{"href":"https:\/\/distribucionesdeoccidente.com.mx\/index.php\/wp-json\/wp\/v2\/product\/643","targetHints":{"allow":["GET"]}}],"collection":[{"href":"https:\/\/distribucionesdeoccidente.com.mx\/index.php\/wp-json\/wp\/v2\/product"}],"about":[{"href":"https:\/\/distribucionesdeoccidente.com.mx\/index.php\/wp-json\/wp\/v2\/types\/product"}],"replies":[{"embeddable":true,"href":"https:\/\/distribucionesdeoccidente.com.mx\/index.php\/wp-json\/wp\/v2\/comments?post=643"}],"wp:featuredmedia":[{"embeddable":true,"href":"https:\/\/distribucionesdeoccidente.com.mx\/index.php\/wp-json\/wp\/v2\/media\/644"}],"wp:attachment":[{"href":"https:\/\/distribucionesdeoccidente.com.mx\/index.php\/wp-json\/wp\/v2\/media?parent=643"}],"wp:term":[{"taxonomy":"product_brand","embeddable":true,"href":"https:\/\/distribucionesdeoccidente.com.mx\/index.php\/wp-json\/wp\/v2\/product_brand?post=643"},{"taxonomy":"product_cat","embeddable":true,"href":"https:\/\/distribucionesdeoccidente.com.mx\/index.php\/wp-json\/wp\/v2\/product_cat?post=643"},{"taxonomy":"product_tag","embeddable":true,"href":"https:\/\/distribucionesdeoccidente.com.mx\/index.php\/wp-json\/wp\/v2\/product_tag?post=643"}],"curies":[{"name":"wp","href":"https:\/\/api.w.org\/{rel}","templated":true}]}}