{"id":636,"date":"2026-02-03T23:23:19","date_gmt":"2026-02-03T23:23:19","guid":{"rendered":"https:\/\/distribucionesdeoccidente.com.mx\/?post_type=product&#038;p=636"},"modified":"2026-04-14T02:49:26","modified_gmt":"2026-04-14T02:49:26","slug":"angelique-extrait-plum-by-riiffs-eau-de-parfum-100-ml","status":"publish","type":"product","link":"https:\/\/distribucionesdeoccidente.com.mx\/index.php\/product\/angelique-extrait-plum-by-riiffs-eau-de-parfum-100-ml\/","title":{"rendered":"Ang\u00e9lique Extrait Plum de Riiffs \u2013 Eau de Parfum 100 ml"},"content":{"rendered":"<p data-start=\"134\" data-end=\"581\">Una fragancia femenina intensa, sofisticada y seductora. <strong data-start=\"191\" data-end=\"217\">Ang\u00e9lique Extrait Plum<\/strong> abre con una nota protagonista de ciruela jugosa, oscura y elegante, que aporta un car\u00e1cter afrutado profundo desde el primer instante. Su coraz\u00f3n es suave y floral, con un toque empolvado que equilibra la dulzura de la fruta, mientras que el fondo se vuelve c\u00e1lido y envolvente gracias a acordes amaderados y avainillados que dejan una estela adictiva y sensual.<\/p>\n<p data-start=\"583\" data-end=\"763\">Es un perfume ideal para la noche, citas, eventos especiales o para quienes buscan un aroma que destaque y deje huella. Proyecta seguridad, misterio y feminidad con un aire lujoso.<\/p>\n<p data-start=\"765\" data-end=\"866\"><strong data-start=\"765\" data-end=\"786\">Familia olfativa:<\/strong> Floral oriental afrutada<br data-start=\"811\" data-end=\"814\" \/><strong data-start=\"814\" data-end=\"831\">Presentaci\u00f3n:<\/strong> 100 ml<br data-start=\"838\" data-end=\"841\" \/><strong data-start=\"841\" data-end=\"850\">Tipo:<\/strong> Eau de Parfum<\/p>\n<p data-start=\"868\" data-end=\"1059\">Inspirado en el estilo afrutado oscuro y elegante de <em data-start=\"921\" data-end=\"945\">Poison Girl Unexpected<\/em> de Dior, ofrece una experiencia similar con una personalidad m\u00e1s intensa y una excelente relaci\u00f3n calidad\u2013precio.<\/p>\n","protected":false},"excerpt":{"rendered":"<p>Una fragancia femenina intensa, sofisticada y seductora. Ang\u00e9lique Extrait Plum abre con una nota protagonista de ciruela jugosa, oscura y elegante, que aporta un car\u00e1cter afrutado profundo desde el primer instante. Su coraz\u00f3n es suave y floral, con un toque empolvado que equilibra la dulzura de la fruta, mientras que el fondo se vuelve c\u00e1lido [&hellip;]<\/p>\n","protected":false},"featured_media":637,"comment_status":"open","ping_status":"closed","template":"","meta":[],"product_brand":[],"product_cat":[31,49,33],"product_tag":[],"class_list":{"0":"post-636","1":"product","2":"type-product","3":"status-publish","4":"has-post-thumbnail","6":"product_cat-mujer","7":"product_cat-perfumes-arabes","8":"product_cat-riiffs","10":"first","11":"instock","12":"shipping-taxable","13":"purchasable","14":"product-type-simple"},"_links":{"self":[{"href":"https:\/\/distribucionesdeoccidente.com.mx\/index.php\/wp-json\/wp\/v2\/product\/636","targetHints":{"allow":["GET"]}}],"collection":[{"href":"https:\/\/distribucionesdeoccidente.com.mx\/index.php\/wp-json\/wp\/v2\/product"}],"about":[{"href":"https:\/\/distribucionesdeoccidente.com.mx\/index.php\/wp-json\/wp\/v2\/types\/product"}],"replies":[{"embeddable":true,"href":"https:\/\/distribucionesdeoccidente.com.mx\/index.php\/wp-json\/wp\/v2\/comments?post=636"}],"wp:featuredmedia":[{"embeddable":true,"href":"https:\/\/distribucionesdeoccidente.com.mx\/index.php\/wp-json\/wp\/v2\/media\/637"}],"wp:attachment":[{"href":"https:\/\/distribucionesdeoccidente.com.mx\/index.php\/wp-json\/wp\/v2\/media?parent=636"}],"wp:term":[{"taxonomy":"product_brand","embeddable":true,"href":"https:\/\/distribucionesdeoccidente.com.mx\/index.php\/wp-json\/wp\/v2\/product_brand?post=636"},{"taxonomy":"product_cat","embeddable":true,"href":"https:\/\/distribucionesdeoccidente.com.mx\/index.php\/wp-json\/wp\/v2\/product_cat?post=636"},{"taxonomy":"product_tag","embeddable":true,"href":"https:\/\/distribucionesdeoccidente.com.mx\/index.php\/wp-json\/wp\/v2\/product_tag?post=636"}],"curies":[{"name":"wp","href":"https:\/\/api.w.org\/{rel}","templated":true}]}}