{"id":1515,"date":"2026-03-24T02:48:09","date_gmt":"2026-03-24T02:48:09","guid":{"rendered":"https:\/\/distribucionesdeoccidente.com.mx\/?post_type=product&#038;p=1515"},"modified":"2026-04-14T02:39:59","modified_gmt":"2026-04-14T02:39:59","slug":"homme-de-stella-dustin-eau-de-parfum-100-ml","status":"publish","type":"product","link":"https:\/\/distribucionesdeoccidente.com.mx\/index.php\/product\/homme-de-stella-dustin-eau-de-parfum-100-ml\/","title":{"rendered":"Homme de Stella Dustin &#8211; Eau de Parfum 100 ml"},"content":{"rendered":"<p data-start=\"0\" data-end=\"399\">Una fragancia masculina moderna, elegante y con una personalidad envolvente que combina frescura arom\u00e1tica con una calidez sofisticada. Homme de Stella Dustin abre con notas c\u00edtricas y herbales que aportan una sensaci\u00f3n limpia y vibrante desde el primer instante, evolucionando hacia un coraz\u00f3n arom\u00e1tico con lavanda y matices florales que brindan equilibrio, elegancia y car\u00e1cter.<\/p>\n<p data-start=\"401\" data-end=\"690\">Su fondo ambarado, almizclado y con toques avainillados deja una estela c\u00e1lida, seductora y duradera, proyectando seguridad y estilo en cada momento. Esta fragancia est\u00e1 dise\u00f1ada para hombres que buscan un aroma vers\u00e1til, moderno y con una presencia refinada que destaque sin ser invasiva.<\/p>\n<p data-start=\"692\" data-end=\"819\"><strong data-start=\"692\" data-end=\"713\">Familia olfativa:<\/strong> Arom\u00e1tica especiada ambarada<br data-start=\"742\" data-end=\"745\" \/><strong data-start=\"745\" data-end=\"762\">Presentaci\u00f3n:<\/strong> 100 ml<br data-start=\"769\" data-end=\"772\" data-is-only-node=\"\" \/><strong data-start=\"772\" data-end=\"781\">Tipo:<\/strong> Eau de Parfum<br data-start=\"795\" data-end=\"798\" \/><strong data-start=\"798\" data-end=\"810\">P\u00fablico:<\/strong> Hombre<\/p>\n<p data-start=\"821\" data-end=\"1015\" data-is-last-node=\"\" data-is-only-node=\"\">Inspirado en el estilo moderno y elegante de <strong>MYSLF de Yves Saint Laurent<\/strong>, ofreciendo una experiencia masculina equilibrada, sofisticada y muy atractiva con excelente relaci\u00f3n calidad\u2013precio.<\/p>\n","protected":false},"excerpt":{"rendered":"<p>Una fragancia masculina moderna, elegante y con una personalidad envolvente que combina frescura arom\u00e1tica con una calidez sofisticada. Homme de Stella Dustin abre con notas c\u00edtricas y herbales que aportan una sensaci\u00f3n limpia y vibrante desde el primer instante, evolucionando hacia un coraz\u00f3n arom\u00e1tico con lavanda y matices florales que brindan equilibrio, elegancia y car\u00e1cter. [&hellip;]<\/p>\n","protected":false},"featured_media":1518,"comment_status":"open","ping_status":"closed","template":"","meta":[],"product_brand":[],"product_cat":[15,49,35],"product_tag":[],"class_list":{"0":"post-1515","1":"product","2":"type-product","3":"status-publish","4":"has-post-thumbnail","6":"product_cat-uncategorized","7":"product_cat-perfumes-arabes","8":"product_cat-stella-dustin","10":"first","11":"instock","12":"shipping-taxable","13":"purchasable","14":"product-type-simple"},"_links":{"self":[{"href":"https:\/\/distribucionesdeoccidente.com.mx\/index.php\/wp-json\/wp\/v2\/product\/1515","targetHints":{"allow":["GET"]}}],"collection":[{"href":"https:\/\/distribucionesdeoccidente.com.mx\/index.php\/wp-json\/wp\/v2\/product"}],"about":[{"href":"https:\/\/distribucionesdeoccidente.com.mx\/index.php\/wp-json\/wp\/v2\/types\/product"}],"replies":[{"embeddable":true,"href":"https:\/\/distribucionesdeoccidente.com.mx\/index.php\/wp-json\/wp\/v2\/comments?post=1515"}],"wp:featuredmedia":[{"embeddable":true,"href":"https:\/\/distribucionesdeoccidente.com.mx\/index.php\/wp-json\/wp\/v2\/media\/1518"}],"wp:attachment":[{"href":"https:\/\/distribucionesdeoccidente.com.mx\/index.php\/wp-json\/wp\/v2\/media?parent=1515"}],"wp:term":[{"taxonomy":"product_brand","embeddable":true,"href":"https:\/\/distribucionesdeoccidente.com.mx\/index.php\/wp-json\/wp\/v2\/product_brand?post=1515"},{"taxonomy":"product_cat","embeddable":true,"href":"https:\/\/distribucionesdeoccidente.com.mx\/index.php\/wp-json\/wp\/v2\/product_cat?post=1515"},{"taxonomy":"product_tag","embeddable":true,"href":"https:\/\/distribucionesdeoccidente.com.mx\/index.php\/wp-json\/wp\/v2\/product_tag?post=1515"}],"curies":[{"name":"wp","href":"https:\/\/api.w.org\/{rel}","templated":true}]}}