{"id":1397,"date":"2026-03-19T00:59:41","date_gmt":"2026-03-19T00:59:41","guid":{"rendered":"https:\/\/distribucionesdeoccidente.com.mx\/?post_type=product&#038;p=1397"},"modified":"2026-03-20T04:33:24","modified_gmt":"2026-03-20T04:33:24","slug":"aura-sky-intense-de-ebc-eau-de-parfum-100-ml","status":"publish","type":"product","link":"https:\/\/distribucionesdeoccidente.com.mx\/index.php\/product\/aura-sky-intense-de-ebc-eau-de-parfum-100-ml\/","title":{"rendered":"Aura Sky Intense de EBC \u2013 Eau de Parfum 100 ml"},"content":{"rendered":"<p data-start=\"153\" data-end=\"534\">Una fragancia moderna, intensa y sofisticada que combina frescura luminosa con un fondo c\u00e1lido y envolvente. Aura Sky Intense abre con notas frescas y ligeramente c\u00edtricas que aportan energ\u00eda desde el primer instante, evolucionando hacia un coraz\u00f3n arom\u00e1tico suave que brinda equilibrio y car\u00e1cter. Su base amaderada y ambarada deja una estela elegante, envolvente y muy agradable.<\/p>\n<p data-start=\"536\" data-end=\"789\">Ideal para uso diario, salidas especiales o clima templado, esta fragancia est\u00e1 dise\u00f1ada para quienes buscan un aroma vers\u00e1til, moderno y con presencia definida. Proyecta confianza, estilo y una elegancia contempor\u00e1nea que se adapta a cualquier ocasi\u00f3n.<\/p>\n<p data-start=\"791\" data-end=\"918\"><strong data-start=\"791\" data-end=\"812\">Familia olfativa:<\/strong> Arom\u00e1tica amaderada ambarada<br data-start=\"841\" data-end=\"844\" \/><strong data-start=\"844\" data-end=\"861\">Presentaci\u00f3n:<\/strong> 100 ml<br data-start=\"868\" data-end=\"871\" \/><strong data-start=\"871\" data-end=\"880\">Tipo:<\/strong> Eau de Parfum<br data-start=\"894\" data-end=\"897\" \/><strong data-start=\"897\" data-end=\"909\">P\u00fablico:<\/strong> Unisex<\/p>\n<p data-start=\"920\" data-end=\"1008\">Fragancia de estilo moderno e intenso, ofreciendo una excelente relaci\u00f3n calidad\u2013precio.<\/p>\n","protected":false},"excerpt":{"rendered":"<p>Una fragancia moderna, intensa y sofisticada que combina frescura luminosa con un fondo c\u00e1lido y envolvente. Aura Sky Intense abre con notas frescas y ligeramente c\u00edtricas que aportan energ\u00eda desde el primer instante, evolucionando hacia un coraz\u00f3n arom\u00e1tico suave que brinda equilibrio y car\u00e1cter. Su base amaderada y ambarada deja una estela elegante, envolvente y [&hellip;]<\/p>\n","protected":false},"featured_media":1398,"comment_status":"open","ping_status":"closed","template":"","meta":[],"product_brand":[],"product_cat":[46,25],"product_tag":[47],"class_list":{"0":"post-1397","1":"product","2":"type-product","3":"status-publish","4":"has-post-thumbnail","6":"product_cat-ebc","7":"product_cat-mayoreo","8":"product_tag-solo-whatsapp","10":"first","11":"instock","12":"shipping-taxable","13":"product-type-external"},"_links":{"self":[{"href":"https:\/\/distribucionesdeoccidente.com.mx\/index.php\/wp-json\/wp\/v2\/product\/1397","targetHints":{"allow":["GET"]}}],"collection":[{"href":"https:\/\/distribucionesdeoccidente.com.mx\/index.php\/wp-json\/wp\/v2\/product"}],"about":[{"href":"https:\/\/distribucionesdeoccidente.com.mx\/index.php\/wp-json\/wp\/v2\/types\/product"}],"replies":[{"embeddable":true,"href":"https:\/\/distribucionesdeoccidente.com.mx\/index.php\/wp-json\/wp\/v2\/comments?post=1397"}],"wp:featuredmedia":[{"embeddable":true,"href":"https:\/\/distribucionesdeoccidente.com.mx\/index.php\/wp-json\/wp\/v2\/media\/1398"}],"wp:attachment":[{"href":"https:\/\/distribucionesdeoccidente.com.mx\/index.php\/wp-json\/wp\/v2\/media?parent=1397"}],"wp:term":[{"taxonomy":"product_brand","embeddable":true,"href":"https:\/\/distribucionesdeoccidente.com.mx\/index.php\/wp-json\/wp\/v2\/product_brand?post=1397"},{"taxonomy":"product_cat","embeddable":true,"href":"https:\/\/distribucionesdeoccidente.com.mx\/index.php\/wp-json\/wp\/v2\/product_cat?post=1397"},{"taxonomy":"product_tag","embeddable":true,"href":"https:\/\/distribucionesdeoccidente.com.mx\/index.php\/wp-json\/wp\/v2\/product_tag?post=1397"}],"curies":[{"name":"wp","href":"https:\/\/api.w.org\/{rel}","templated":true}]}}