{"id":1375,"date":"2026-03-19T00:18:50","date_gmt":"2026-03-19T00:18:50","guid":{"rendered":"https:\/\/distribucionesdeoccidente.com.mx\/?post_type=product&#038;p=1375"},"modified":"2026-03-20T04:33:59","modified_gmt":"2026-03-20T04:33:59","slug":"cup-de-ebc-eau-de-toilette-100-ml","status":"publish","type":"product","link":"https:\/\/distribucionesdeoccidente.com.mx\/index.php\/product\/cup-de-ebc-eau-de-toilette-100-ml\/","title":{"rendered":"CUP de EBC \u2013 Eau de Toilette 100 ml"},"content":{"rendered":"<p data-start=\"117\" data-end=\"527\">Una fragancia masculina fresca, vibrante y con car\u00e1cter deportivo que combina notas acu\u00e1ticas con un fondo ligeramente dulce y envolvente. CUP abre con una salida din\u00e1mica y refrescante que transmite energ\u00eda desde el primer instante, evolucionando hacia un coraz\u00f3n arom\u00e1tico moderno que aporta personalidad y atractivo. Su base amaderada y suavemente ambarada deja una estela masculina, limpia y muy agradable.<\/p>\n<p data-start=\"529\" data-end=\"778\">Ideal para uso diario, gimnasio, clima c\u00e1lido o salidas casuales, esta fragancia est\u00e1 dise\u00f1ada para hombres que buscan un aroma juvenil, deportivo y con presencia definida. Proyecta confianza, dinamismo y un estilo moderno que no pasa desapercibido.<\/p>\n<p data-start=\"780\" data-end=\"909\"><strong data-start=\"780\" data-end=\"801\">Familia olfativa:<\/strong> Arom\u00e1tica acu\u00e1tica amaderada<br data-start=\"830\" data-end=\"833\" \/><strong data-start=\"833\" data-end=\"850\">Presentaci\u00f3n:<\/strong> 100 ml<br data-start=\"857\" data-end=\"860\" \/><strong data-start=\"860\" data-end=\"869\">Tipo:<\/strong> Eau de Toilette<br data-start=\"885\" data-end=\"888\" \/><strong data-start=\"888\" data-end=\"900\">P\u00fablico:<\/strong> Hombre<\/p>\n<p data-start=\"911\" data-end=\"1058\">Inspirado en el estilo fresco y din\u00e1mico tipo <strong>Invictus de Paco Rabanne<\/strong>, ofreciendo una alternativa accesible con excelente relaci\u00f3n calidad\u2013precio.<\/p>\n","protected":false},"excerpt":{"rendered":"<p>Una fragancia masculina fresca, vibrante y con car\u00e1cter deportivo que combina notas acu\u00e1ticas con un fondo ligeramente dulce y envolvente. CUP abre con una salida din\u00e1mica y refrescante que transmite energ\u00eda desde el primer instante, evolucionando hacia un coraz\u00f3n arom\u00e1tico moderno que aporta personalidad y atractivo. Su base amaderada y suavemente ambarada deja una estela [&hellip;]<\/p>\n","protected":false},"featured_media":1376,"comment_status":"open","ping_status":"closed","template":"","meta":[],"product_brand":[],"product_cat":[46,25],"product_tag":[47],"class_list":{"0":"post-1375","1":"product","2":"type-product","3":"status-publish","4":"has-post-thumbnail","6":"product_cat-ebc","7":"product_cat-mayoreo","8":"product_tag-solo-whatsapp","10":"first","11":"instock","12":"shipping-taxable","13":"product-type-external"},"_links":{"self":[{"href":"https:\/\/distribucionesdeoccidente.com.mx\/index.php\/wp-json\/wp\/v2\/product\/1375","targetHints":{"allow":["GET"]}}],"collection":[{"href":"https:\/\/distribucionesdeoccidente.com.mx\/index.php\/wp-json\/wp\/v2\/product"}],"about":[{"href":"https:\/\/distribucionesdeoccidente.com.mx\/index.php\/wp-json\/wp\/v2\/types\/product"}],"replies":[{"embeddable":true,"href":"https:\/\/distribucionesdeoccidente.com.mx\/index.php\/wp-json\/wp\/v2\/comments?post=1375"}],"wp:featuredmedia":[{"embeddable":true,"href":"https:\/\/distribucionesdeoccidente.com.mx\/index.php\/wp-json\/wp\/v2\/media\/1376"}],"wp:attachment":[{"href":"https:\/\/distribucionesdeoccidente.com.mx\/index.php\/wp-json\/wp\/v2\/media?parent=1375"}],"wp:term":[{"taxonomy":"product_brand","embeddable":true,"href":"https:\/\/distribucionesdeoccidente.com.mx\/index.php\/wp-json\/wp\/v2\/product_brand?post=1375"},{"taxonomy":"product_cat","embeddable":true,"href":"https:\/\/distribucionesdeoccidente.com.mx\/index.php\/wp-json\/wp\/v2\/product_cat?post=1375"},{"taxonomy":"product_tag","embeddable":true,"href":"https:\/\/distribucionesdeoccidente.com.mx\/index.php\/wp-json\/wp\/v2\/product_tag?post=1375"}],"curies":[{"name":"wp","href":"https:\/\/api.w.org\/{rel}","templated":true}]}}